{"id":41957,"date":"2025-03-19T16:55:07","date_gmt":"2025-03-19T16:55:07","guid":{"rendered":"https:\/\/www.cifial.pt\/premios\/"},"modified":"2025-03-19T16:55:07","modified_gmt":"2025-03-19T16:55:07","slug":"premios","status":"publish","type":"page","link":"https:\/\/www.cifial.pt\/es\/premios\/","title":{"rendered":"Pr\u00e9mios"},"content":{"rendered":"<p>[vc_row css_animation=\u00bbfadeIn\u00bb el_class=\u00bbcomeca-switch\u00bb][vc_column][vc_column_text el_class=\u00bbtexto-descritivo-pagina texto-descritivo\u00bb]Na CIFIAL, a inova\u00e7\u00e3o e o design s\u00e3o o motor do nosso desenvolvimento. O investimento cont\u00ednuo em engenharia, tecnologia e est\u00e9tica tem sido reconhecido ao longo dos anos com diversos pr\u00e9mios internacionais, valorizando a qualidade e sofistica\u00e7\u00e3o dos nossos produtos.<\/p>\n<p>Mais do que um reconhecimento do que j\u00e1 conquist\u00e1mos, estes pr\u00e9mios s\u00e3o um incentivo para continuarmos a evoluir. A nossa miss\u00e3o \u00e9 desenvolver torneiras e solu\u00e7\u00f5es para a casa de banho que combinam design intemporal, durabilidade e efici\u00eancia, assegurando que cada pe\u00e7a oferece uma experi\u00eancia de utiliza\u00e7\u00e3o superior e eleva os espa\u00e7os onde se insere.<\/p>\n<p>Na CIFIAL, desafiamos constantemente os limites da criatividade e da tecnologia para redefinir os padr\u00f5es do setor. A cada novo projeto, procuramos superar expectativas e criar solu\u00e7\u00f5es inovadoras que unem funcionalidade e est\u00e9tica com um compromisso sustent\u00e1vel.<\/p>\n<p>O futuro da CIFIAL constr\u00f3i-se com inova\u00e7\u00e3o, dedica\u00e7\u00e3o e a ambi\u00e7\u00e3o de continuar a marcar a diferen\u00e7a.[\/vc_column_text][\/vc_column][\/vc_row][vc_row css=\u00bb.vc_custom_1744378691228{margin-bottom: 50px !important;}\u00bb][vc_column][vc_masonry_media_grid element_width=\u00bb3&#8243; gap=\u00bb30&#8243; grid_id=\u00bbvc_gid:1744378836706-61d05364-7572-5&#8243; include=\u00bb23992,23997,24002,24007,23971,23976,23981,23986&#8243;][\/vc_column][\/vc_row]<\/p>\n","protected":false},"excerpt":{"rendered":"<p>[vc_row css_animation=\u00bbfadeIn\u00bb el_class=\u00bbcomeca-switch\u00bb][vc_column][vc_column_text el_class=\u00bbtexto-descritivo-pagina texto-descritivo\u00bb]Na CIFIAL, a inova\u00e7\u00e3o e o design s\u00e3o o motor do nosso desenvolvimento. O investimento cont\u00ednuo em engenharia, tecnologia e est\u00e9tica tem sido reconhecido ao longo dos anos com diversos pr\u00e9mios internacionais, valorizando a qualidade e sofistica\u00e7\u00e3o dos nossos produtos. Mais do que um reconhecimento do que j\u00e1 conquist\u00e1mos, estes pr\u00e9mios [&hellip;]<\/p>\n","protected":false},"author":1,"featured_media":23740,"parent":0,"menu_order":0,"comment_status":"closed","ping_status":"closed","template":"","meta":{"_monsterinsights_skip_tracking":false,"_monsterinsights_sitenote_active":false,"_monsterinsights_sitenote_note":"","_monsterinsights_sitenote_category":0,"footnotes":""},"class_list":["post-41957","page","type-page","status-publish","has-post-thumbnail","hentry"],"yoast_head":"<!-- This site is optimized with the Yoast SEO plugin v27.4 - https:\/\/yoast.com\/product\/yoast-seo-wordpress\/ -->\n<title>Pr\u00e9mios - Cifial<\/title>\n<meta name=\"robots\" content=\"index, follow, max-snippet:-1, max-image-preview:large, max-video-preview:-1\" \/>\n<link rel=\"canonical\" href=\"https:\/\/www.cifial.pt\/es\/premios\/\" \/>\n<meta property=\"og:locale\" content=\"es_ES\" \/>\n<meta property=\"og:type\" content=\"article\" \/>\n<meta property=\"og:title\" content=\"Pr\u00e9mios - Cifial\" \/>\n<meta property=\"og:description\" content=\"[vc_row css_animation=\u00bbfadeIn\u00bb el_class=\u00bbcomeca-switch\u00bb][vc_column][vc_column_text el_class=\u00bbtexto-descritivo-pagina texto-descritivo\u00bb]Na CIFIAL, a inova\u00e7\u00e3o e o design s\u00e3o o motor do nosso desenvolvimento. O investimento cont\u00ednuo em engenharia, tecnologia e est\u00e9tica tem sido reconhecido ao longo dos anos com diversos pr\u00e9mios internacionais, valorizando a qualidade e sofistica\u00e7\u00e3o dos nossos produtos. Mais do que um reconhecimento do que j\u00e1 conquist\u00e1mos, estes pr\u00e9mios [&hellip;]\" \/>\n<meta property=\"og:url\" content=\"https:\/\/www.cifial.pt\/es\/premios\/\" \/>\n<meta property=\"og:site_name\" content=\"Cifial\" \/>\n<meta property=\"article:publisher\" content=\"https:\/\/www.facebook.com\/Cifial.SA\/\" \/>\n<meta name=\"twitter:card\" content=\"summary_large_image\" \/>\n<meta name=\"twitter:label1\" content=\"Tiempo de lectura\" \/>\n\t<meta name=\"twitter:data1\" content=\"1 minuto\" \/>\n<script type=\"application\/ld+json\" class=\"yoast-schema-graph\">{\"@context\":\"https:\\\/\\\/schema.org\",\"@graph\":[{\"@type\":\"WebPage\",\"@id\":\"https:\\\/\\\/www.cifial.pt\\\/es\\\/premios\\\/\",\"url\":\"https:\\\/\\\/www.cifial.pt\\\/es\\\/premios\\\/\",\"name\":\"Pr\u00e9mios - Cifial\",\"isPartOf\":{\"@id\":\"https:\\\/\\\/www.cifial.pt\\\/#website\"},\"primaryImageOfPage\":{\"@id\":\"https:\\\/\\\/www.cifial.pt\\\/es\\\/premios\\\/#primaryimage\"},\"image\":{\"@id\":\"https:\\\/\\\/www.cifial.pt\\\/es\\\/premios\\\/#primaryimage\"},\"thumbnailUrl\":\"https:\\\/\\\/www.cifial.pt\\\/wp-content\\\/uploads\\\/2025\\\/04\\\/banner_premios.jpg\",\"datePublished\":\"2025-03-19T16:55:07+00:00\",\"breadcrumb\":{\"@id\":\"https:\\\/\\\/www.cifial.pt\\\/es\\\/premios\\\/#breadcrumb\"},\"inLanguage\":\"es\",\"potentialAction\":[{\"@type\":\"ReadAction\",\"target\":[\"https:\\\/\\\/www.cifial.pt\\\/es\\\/premios\\\/\"]}]},{\"@type\":\"ImageObject\",\"inLanguage\":\"es\",\"@id\":\"https:\\\/\\\/www.cifial.pt\\\/es\\\/premios\\\/#primaryimage\",\"url\":\"https:\\\/\\\/www.cifial.pt\\\/wp-content\\\/uploads\\\/2025\\\/04\\\/banner_premios.jpg\",\"contentUrl\":\"https:\\\/\\\/www.cifial.pt\\\/wp-content\\\/uploads\\\/2025\\\/04\\\/banner_premios.jpg\",\"width\":1080,\"height\":487},{\"@type\":\"BreadcrumbList\",\"@id\":\"https:\\\/\\\/www.cifial.pt\\\/es\\\/premios\\\/#breadcrumb\",\"itemListElement\":[{\"@type\":\"ListItem\",\"position\":1,\"name\":\"In\u00edcio\",\"item\":\"https:\\\/\\\/www.cifial.pt\\\/es\\\/\"},{\"@type\":\"ListItem\",\"position\":2,\"name\":\"Pr\u00e9mios\"}]},{\"@type\":\"WebSite\",\"@id\":\"https:\\\/\\\/www.cifial.pt\\\/#website\",\"url\":\"https:\\\/\\\/www.cifial.pt\\\/\",\"name\":\"Cifial\",\"description\":\"\",\"publisher\":{\"@id\":\"https:\\\/\\\/www.cifial.pt\\\/#organization\"},\"potentialAction\":[{\"@type\":\"SearchAction\",\"target\":{\"@type\":\"EntryPoint\",\"urlTemplate\":\"https:\\\/\\\/www.cifial.pt\\\/?s={search_term_string}\"},\"query-input\":{\"@type\":\"PropertyValueSpecification\",\"valueRequired\":true,\"valueName\":\"search_term_string\"}}],\"inLanguage\":\"es\"},{\"@type\":\"Organization\",\"@id\":\"https:\\\/\\\/www.cifial.pt\\\/#organization\",\"name\":\"Cifial\",\"url\":\"https:\\\/\\\/www.cifial.pt\\\/\",\"logo\":{\"@type\":\"ImageObject\",\"inLanguage\":\"es\",\"@id\":\"https:\\\/\\\/www.cifial.pt\\\/#\\\/schema\\\/logo\\\/image\\\/\",\"url\":\"https:\\\/\\\/www.cifial.pt\\\/wp-content\\\/uploads\\\/2024\\\/12\\\/cropped-logo_cifial_240x37.png\",\"contentUrl\":\"https:\\\/\\\/www.cifial.pt\\\/wp-content\\\/uploads\\\/2024\\\/12\\\/cropped-logo_cifial_240x37.png\",\"width\":150,\"height\":65,\"caption\":\"Cifial\"},\"image\":{\"@id\":\"https:\\\/\\\/www.cifial.pt\\\/#\\\/schema\\\/logo\\\/image\\\/\"},\"sameAs\":[\"https:\\\/\\\/www.facebook.com\\\/Cifial.SA\\\/\",\"https:\\\/\\\/www.instagram.com\\\/cifial_sa\\\/\",\"https:\\\/\\\/www.linkedin.com\\\/company\\\/cifial\\\/\"]}]}<\/script>\n<!-- \/ Yoast SEO plugin. -->","yoast_head_json":{"title":"Pr\u00e9mios - Cifial","robots":{"index":"index","follow":"follow","max-snippet":"max-snippet:-1","max-image-preview":"max-image-preview:large","max-video-preview":"max-video-preview:-1"},"canonical":"https:\/\/www.cifial.pt\/es\/premios\/","og_locale":"es_ES","og_type":"article","og_title":"Pr\u00e9mios - Cifial","og_description":"[vc_row css_animation=\u00bbfadeIn\u00bb el_class=\u00bbcomeca-switch\u00bb][vc_column][vc_column_text el_class=\u00bbtexto-descritivo-pagina texto-descritivo\u00bb]Na CIFIAL, a inova\u00e7\u00e3o e o design s\u00e3o o motor do nosso desenvolvimento. O investimento cont\u00ednuo em engenharia, tecnologia e est\u00e9tica tem sido reconhecido ao longo dos anos com diversos pr\u00e9mios internacionais, valorizando a qualidade e sofistica\u00e7\u00e3o dos nossos produtos. Mais do que um reconhecimento do que j\u00e1 conquist\u00e1mos, estes pr\u00e9mios [&hellip;]","og_url":"https:\/\/www.cifial.pt\/es\/premios\/","og_site_name":"Cifial","article_publisher":"https:\/\/www.facebook.com\/Cifial.SA\/","twitter_card":"summary_large_image","twitter_misc":{"Tiempo de lectura":"1 minuto"},"schema":{"@context":"https:\/\/schema.org","@graph":[{"@type":"WebPage","@id":"https:\/\/www.cifial.pt\/es\/premios\/","url":"https:\/\/www.cifial.pt\/es\/premios\/","name":"Pr\u00e9mios - Cifial","isPartOf":{"@id":"https:\/\/www.cifial.pt\/#website"},"primaryImageOfPage":{"@id":"https:\/\/www.cifial.pt\/es\/premios\/#primaryimage"},"image":{"@id":"https:\/\/www.cifial.pt\/es\/premios\/#primaryimage"},"thumbnailUrl":"https:\/\/www.cifial.pt\/wp-content\/uploads\/2025\/04\/banner_premios.jpg","datePublished":"2025-03-19T16:55:07+00:00","breadcrumb":{"@id":"https:\/\/www.cifial.pt\/es\/premios\/#breadcrumb"},"inLanguage":"es","potentialAction":[{"@type":"ReadAction","target":["https:\/\/www.cifial.pt\/es\/premios\/"]}]},{"@type":"ImageObject","inLanguage":"es","@id":"https:\/\/www.cifial.pt\/es\/premios\/#primaryimage","url":"https:\/\/www.cifial.pt\/wp-content\/uploads\/2025\/04\/banner_premios.jpg","contentUrl":"https:\/\/www.cifial.pt\/wp-content\/uploads\/2025\/04\/banner_premios.jpg","width":1080,"height":487},{"@type":"BreadcrumbList","@id":"https:\/\/www.cifial.pt\/es\/premios\/#breadcrumb","itemListElement":[{"@type":"ListItem","position":1,"name":"In\u00edcio","item":"https:\/\/www.cifial.pt\/es\/"},{"@type":"ListItem","position":2,"name":"Pr\u00e9mios"}]},{"@type":"WebSite","@id":"https:\/\/www.cifial.pt\/#website","url":"https:\/\/www.cifial.pt\/","name":"Cifial","description":"","publisher":{"@id":"https:\/\/www.cifial.pt\/#organization"},"potentialAction":[{"@type":"SearchAction","target":{"@type":"EntryPoint","urlTemplate":"https:\/\/www.cifial.pt\/?s={search_term_string}"},"query-input":{"@type":"PropertyValueSpecification","valueRequired":true,"valueName":"search_term_string"}}],"inLanguage":"es"},{"@type":"Organization","@id":"https:\/\/www.cifial.pt\/#organization","name":"Cifial","url":"https:\/\/www.cifial.pt\/","logo":{"@type":"ImageObject","inLanguage":"es","@id":"https:\/\/www.cifial.pt\/#\/schema\/logo\/image\/","url":"https:\/\/www.cifial.pt\/wp-content\/uploads\/2024\/12\/cropped-logo_cifial_240x37.png","contentUrl":"https:\/\/www.cifial.pt\/wp-content\/uploads\/2024\/12\/cropped-logo_cifial_240x37.png","width":150,"height":65,"caption":"Cifial"},"image":{"@id":"https:\/\/www.cifial.pt\/#\/schema\/logo\/image\/"},"sameAs":["https:\/\/www.facebook.com\/Cifial.SA\/","https:\/\/www.instagram.com\/cifial_sa\/","https:\/\/www.linkedin.com\/company\/cifial\/"]}]}},"_links":{"self":[{"href":"https:\/\/www.cifial.pt\/es\/wp-json\/wp\/v2\/pages\/41957","targetHints":{"allow":["GET"]}}],"collection":[{"href":"https:\/\/www.cifial.pt\/es\/wp-json\/wp\/v2\/pages"}],"about":[{"href":"https:\/\/www.cifial.pt\/es\/wp-json\/wp\/v2\/types\/page"}],"author":[{"embeddable":true,"href":"https:\/\/www.cifial.pt\/es\/wp-json\/wp\/v2\/users\/1"}],"replies":[{"embeddable":true,"href":"https:\/\/www.cifial.pt\/es\/wp-json\/wp\/v2\/comments?post=41957"}],"version-history":[{"count":0,"href":"https:\/\/www.cifial.pt\/es\/wp-json\/wp\/v2\/pages\/41957\/revisions"}],"wp:featuredmedia":[{"embeddable":true,"href":"https:\/\/www.cifial.pt\/es\/wp-json\/wp\/v2\/media\/23740"}],"wp:attachment":[{"href":"https:\/\/www.cifial.pt\/es\/wp-json\/wp\/v2\/media?parent=41957"}],"curies":[{"name":"wp","href":"https:\/\/api.w.org\/{rel}","templated":true}]}}