{"id":988,"date":"2025-02-05T17:47:15","date_gmt":"2025-02-05T17:47:15","guid":{"rendered":"https:\/\/www.cifial.pt\/showroom\/"},"modified":"2025-05-22T15:40:32","modified_gmt":"2025-05-22T15:40:32","slug":"showroom","status":"publish","type":"page","link":"https:\/\/www.cifial.pt\/es\/showroom\/","title":{"rendered":"Showroom"},"content":{"rendered":"<p>[vc_row css_animation=\u00bbfadeIn\u00bb el_class=\u00bbaparencia-inicio showroom-content\u00bb][vc_column][vc_column_text]<span data-contrast=\"auto\">Bem-vindo ao Showroom CIFIAL, um espa\u00e7o onde a inova\u00e7\u00e3o e o design se encontram para dar vida \u00e0 funcionalidade. Aqui, cada pe\u00e7a \u00e9 mais do que um produto \u2013 \u00e9 uma afirma\u00e7\u00e3o de qualidade, precis\u00e3o e est\u00e9tica refinada.<\/span><\/p>\n<p><span data-ccp-props=\"{}\">\u00a0<\/span><\/p>\n<p><span data-contrast=\"auto\">Projetado para oferecer uma experi\u00eancia imersiva, o nosso showroom apresenta de forma envolvente as mais recentes cole\u00e7\u00f5es e acabamentos exclusivos, permitindo-lhe sentir de perto o detalhe e a sofistica\u00e7\u00e3o que definem a CIFIAL.<\/span><span data-ccp-props=\"{}\">\u00a0<\/span><\/p>\n<p>&nbsp;<\/p>\n<p><span data-contrast=\"auto\">Em constante atualiza\u00e7\u00e3o, este espa\u00e7o reflete a nossa paix\u00e3o pelo design e pela excel\u00eancia, garantindo que encontrar\u00e1 sempre as \u00faltimas novidades.<\/span><span data-ccp-props=\"{}\">\u00a0<\/span><\/p>\n<p>&nbsp;<\/p>\n<p><span data-contrast=\"auto\">Convidamo-lo a visitar-nos e descobrir como os nossos produtos podem transformar qualquer ambiente. O nosso showroom est\u00e1 aberto ao p\u00fablico \u2013 venha explorar a perfei\u00e7\u00e3o em cada detalhe.<\/span><span data-ccp-props=\"{}\">\u00a0<\/span><\/p>\n<p>&nbsp;<\/p>\n<p><span data-contrast=\"auto\">Marque Visita: <\/span><a href=\"mailto:marketing.cco@cifial.pt\"><span data-contrast=\"none\">marketing.cco@cifial.pt<\/span><\/a><span data-ccp-props=\"{}\">\u00a0<\/span>[\/vc_column_text][\/vc_column][\/vc_row][vc_row css_animation=\u00bbfadeInUp\u00bb el_class=\u00bbshowroom-content-2&#8243;][vc_column][vc_column_text][\/vc_column_text][vc_single_image image=\u00bb21189&#8243; img_size=\u00bbfull\u00bb onclick=\u00bbcustom_link\u00bb img_link_target=\u00bb_blank\u00bb link=\u00bbhttp:\/\/oem.cifial.pt\/showroom\/\u00bb][\/vc_column][\/vc_row][vc_row css_animation=\u00bbfadeInUp\u00bb el_class=\u00bbshowroom-content-3&#8243;][vc_column][vc_column_text][\/vc_column_text][\/vc_column][\/vc_row][vc_row css_animation=\u00bbfadeInUp\u00bb el_class=\u00bbentre-contacto showroom-content-3&#8243;][vc_column][vc_column_text el_class=\u00bbbotao-contacto\u00bb]<\/p>\n<p style=\"text-align: center;\"><a href=\"https:\/\/www.cifial.pt\/es\/contactos\/\">MARQUE A SUA VISITA<\/a><\/p>\n<p>[\/vc_column_text][\/vc_column][\/vc_row]<\/p>\n","protected":false},"excerpt":{"rendered":"<p>[vc_row css_animation=\u00bbfadeIn\u00bb el_class=\u00bbaparencia-inicio showroom-content\u00bb][vc_column][vc_column_text]Bem-vindo ao Showroom CIFIAL, um espa\u00e7o onde a inova\u00e7\u00e3o e o design se encontram para dar vida \u00e0 funcionalidade. Aqui, cada pe\u00e7a \u00e9 mais do que um produto \u2013 \u00e9 uma afirma\u00e7\u00e3o de qualidade, precis\u00e3o e est\u00e9tica refinada. \u00a0 Projetado para oferecer uma experi\u00eancia imersiva, o nosso showroom apresenta de forma envolvente [&hellip;]<\/p>\n","protected":false},"author":1,"featured_media":0,"parent":0,"menu_order":0,"comment_status":"closed","ping_status":"closed","template":"","meta":{"_monsterinsights_skip_tracking":false,"_monsterinsights_sitenote_active":false,"_monsterinsights_sitenote_note":"","_monsterinsights_sitenote_category":0,"footnotes":""},"class_list":["post-988","page","type-page","status-publish","hentry"],"yoast_head":"<!-- This site is optimized with the Yoast SEO plugin v27.3 - https:\/\/yoast.com\/product\/yoast-seo-wordpress\/ -->\n<title>Showroom - Cifial<\/title>\n<meta name=\"robots\" content=\"index, follow, max-snippet:-1, max-image-preview:large, max-video-preview:-1\" \/>\n<link rel=\"canonical\" href=\"https:\/\/www.cifial.pt\/es\/showroom\/\" \/>\n<meta property=\"og:locale\" content=\"es_ES\" \/>\n<meta property=\"og:type\" content=\"article\" \/>\n<meta property=\"og:title\" content=\"Showroom - Cifial\" \/>\n<meta property=\"og:description\" content=\"[vc_row css_animation=\u00bbfadeIn\u00bb el_class=\u00bbaparencia-inicio showroom-content\u00bb][vc_column][vc_column_text]Bem-vindo ao Showroom CIFIAL, um espa\u00e7o onde a inova\u00e7\u00e3o e o design se encontram para dar vida \u00e0 funcionalidade. Aqui, cada pe\u00e7a \u00e9 mais do que um produto \u2013 \u00e9 uma afirma\u00e7\u00e3o de qualidade, precis\u00e3o e est\u00e9tica refinada. \u00a0 Projetado para oferecer uma experi\u00eancia imersiva, o nosso showroom apresenta de forma envolvente [&hellip;]\" \/>\n<meta property=\"og:url\" content=\"https:\/\/www.cifial.pt\/es\/showroom\/\" \/>\n<meta property=\"og:site_name\" content=\"Cifial\" \/>\n<meta property=\"article:publisher\" content=\"https:\/\/www.facebook.com\/Cifial.SA\/\" \/>\n<meta property=\"article:modified_time\" content=\"2025-05-22T15:40:32+00:00\" \/>\n<meta name=\"twitter:card\" content=\"summary_large_image\" \/>\n<meta name=\"twitter:label1\" content=\"Tiempo de lectura\" \/>\n\t<meta name=\"twitter:data1\" content=\"1 minuto\" \/>\n<script type=\"application\/ld+json\" class=\"yoast-schema-graph\">{\"@context\":\"https:\\\/\\\/schema.org\",\"@graph\":[{\"@type\":\"WebPage\",\"@id\":\"https:\\\/\\\/www.cifial.pt\\\/es\\\/showroom\\\/\",\"url\":\"https:\\\/\\\/www.cifial.pt\\\/es\\\/showroom\\\/\",\"name\":\"Showroom - Cifial\",\"isPartOf\":{\"@id\":\"https:\\\/\\\/www.cifial.pt\\\/#website\"},\"datePublished\":\"2025-02-05T17:47:15+00:00\",\"dateModified\":\"2025-05-22T15:40:32+00:00\",\"breadcrumb\":{\"@id\":\"https:\\\/\\\/www.cifial.pt\\\/es\\\/showroom\\\/#breadcrumb\"},\"inLanguage\":\"es\",\"potentialAction\":[{\"@type\":\"ReadAction\",\"target\":[\"https:\\\/\\\/www.cifial.pt\\\/es\\\/showroom\\\/\"]}]},{\"@type\":\"BreadcrumbList\",\"@id\":\"https:\\\/\\\/www.cifial.pt\\\/es\\\/showroom\\\/#breadcrumb\",\"itemListElement\":[{\"@type\":\"ListItem\",\"position\":1,\"name\":\"In\u00edcio\",\"item\":\"https:\\\/\\\/www.cifial.pt\\\/es\\\/\"},{\"@type\":\"ListItem\",\"position\":2,\"name\":\"Showroom\"}]},{\"@type\":\"WebSite\",\"@id\":\"https:\\\/\\\/www.cifial.pt\\\/#website\",\"url\":\"https:\\\/\\\/www.cifial.pt\\\/\",\"name\":\"Cifial\",\"description\":\"\",\"publisher\":{\"@id\":\"https:\\\/\\\/www.cifial.pt\\\/#organization\"},\"potentialAction\":[{\"@type\":\"SearchAction\",\"target\":{\"@type\":\"EntryPoint\",\"urlTemplate\":\"https:\\\/\\\/www.cifial.pt\\\/?s={search_term_string}\"},\"query-input\":{\"@type\":\"PropertyValueSpecification\",\"valueRequired\":true,\"valueName\":\"search_term_string\"}}],\"inLanguage\":\"es\"},{\"@type\":\"Organization\",\"@id\":\"https:\\\/\\\/www.cifial.pt\\\/#organization\",\"name\":\"Cifial\",\"url\":\"https:\\\/\\\/www.cifial.pt\\\/\",\"logo\":{\"@type\":\"ImageObject\",\"inLanguage\":\"es\",\"@id\":\"https:\\\/\\\/www.cifial.pt\\\/#\\\/schema\\\/logo\\\/image\\\/\",\"url\":\"https:\\\/\\\/www.cifial.pt\\\/wp-content\\\/uploads\\\/2024\\\/12\\\/cropped-logo_cifial_240x37.png\",\"contentUrl\":\"https:\\\/\\\/www.cifial.pt\\\/wp-content\\\/uploads\\\/2024\\\/12\\\/cropped-logo_cifial_240x37.png\",\"width\":150,\"height\":65,\"caption\":\"Cifial\"},\"image\":{\"@id\":\"https:\\\/\\\/www.cifial.pt\\\/#\\\/schema\\\/logo\\\/image\\\/\"},\"sameAs\":[\"https:\\\/\\\/www.facebook.com\\\/Cifial.SA\\\/\",\"https:\\\/\\\/www.instagram.com\\\/cifial_sa\\\/\",\"https:\\\/\\\/www.linkedin.com\\\/company\\\/cifial\\\/\"]}]}<\/script>\n<!-- \/ Yoast SEO plugin. -->","yoast_head_json":{"title":"Showroom - Cifial","robots":{"index":"index","follow":"follow","max-snippet":"max-snippet:-1","max-image-preview":"max-image-preview:large","max-video-preview":"max-video-preview:-1"},"canonical":"https:\/\/www.cifial.pt\/es\/showroom\/","og_locale":"es_ES","og_type":"article","og_title":"Showroom - Cifial","og_description":"[vc_row css_animation=\u00bbfadeIn\u00bb el_class=\u00bbaparencia-inicio showroom-content\u00bb][vc_column][vc_column_text]Bem-vindo ao Showroom CIFIAL, um espa\u00e7o onde a inova\u00e7\u00e3o e o design se encontram para dar vida \u00e0 funcionalidade. Aqui, cada pe\u00e7a \u00e9 mais do que um produto \u2013 \u00e9 uma afirma\u00e7\u00e3o de qualidade, precis\u00e3o e est\u00e9tica refinada. \u00a0 Projetado para oferecer uma experi\u00eancia imersiva, o nosso showroom apresenta de forma envolvente [&hellip;]","og_url":"https:\/\/www.cifial.pt\/es\/showroom\/","og_site_name":"Cifial","article_publisher":"https:\/\/www.facebook.com\/Cifial.SA\/","article_modified_time":"2025-05-22T15:40:32+00:00","twitter_card":"summary_large_image","twitter_misc":{"Tiempo de lectura":"1 minuto"},"schema":{"@context":"https:\/\/schema.org","@graph":[{"@type":"WebPage","@id":"https:\/\/www.cifial.pt\/es\/showroom\/","url":"https:\/\/www.cifial.pt\/es\/showroom\/","name":"Showroom - Cifial","isPartOf":{"@id":"https:\/\/www.cifial.pt\/#website"},"datePublished":"2025-02-05T17:47:15+00:00","dateModified":"2025-05-22T15:40:32+00:00","breadcrumb":{"@id":"https:\/\/www.cifial.pt\/es\/showroom\/#breadcrumb"},"inLanguage":"es","potentialAction":[{"@type":"ReadAction","target":["https:\/\/www.cifial.pt\/es\/showroom\/"]}]},{"@type":"BreadcrumbList","@id":"https:\/\/www.cifial.pt\/es\/showroom\/#breadcrumb","itemListElement":[{"@type":"ListItem","position":1,"name":"In\u00edcio","item":"https:\/\/www.cifial.pt\/es\/"},{"@type":"ListItem","position":2,"name":"Showroom"}]},{"@type":"WebSite","@id":"https:\/\/www.cifial.pt\/#website","url":"https:\/\/www.cifial.pt\/","name":"Cifial","description":"","publisher":{"@id":"https:\/\/www.cifial.pt\/#organization"},"potentialAction":[{"@type":"SearchAction","target":{"@type":"EntryPoint","urlTemplate":"https:\/\/www.cifial.pt\/?s={search_term_string}"},"query-input":{"@type":"PropertyValueSpecification","valueRequired":true,"valueName":"search_term_string"}}],"inLanguage":"es"},{"@type":"Organization","@id":"https:\/\/www.cifial.pt\/#organization","name":"Cifial","url":"https:\/\/www.cifial.pt\/","logo":{"@type":"ImageObject","inLanguage":"es","@id":"https:\/\/www.cifial.pt\/#\/schema\/logo\/image\/","url":"https:\/\/www.cifial.pt\/wp-content\/uploads\/2024\/12\/cropped-logo_cifial_240x37.png","contentUrl":"https:\/\/www.cifial.pt\/wp-content\/uploads\/2024\/12\/cropped-logo_cifial_240x37.png","width":150,"height":65,"caption":"Cifial"},"image":{"@id":"https:\/\/www.cifial.pt\/#\/schema\/logo\/image\/"},"sameAs":["https:\/\/www.facebook.com\/Cifial.SA\/","https:\/\/www.instagram.com\/cifial_sa\/","https:\/\/www.linkedin.com\/company\/cifial\/"]}]}},"_links":{"self":[{"href":"https:\/\/www.cifial.pt\/es\/wp-json\/wp\/v2\/pages\/988","targetHints":{"allow":["GET"]}}],"collection":[{"href":"https:\/\/www.cifial.pt\/es\/wp-json\/wp\/v2\/pages"}],"about":[{"href":"https:\/\/www.cifial.pt\/es\/wp-json\/wp\/v2\/types\/page"}],"author":[{"embeddable":true,"href":"https:\/\/www.cifial.pt\/es\/wp-json\/wp\/v2\/users\/1"}],"replies":[{"embeddable":true,"href":"https:\/\/www.cifial.pt\/es\/wp-json\/wp\/v2\/comments?post=988"}],"version-history":[{"count":1,"href":"https:\/\/www.cifial.pt\/es\/wp-json\/wp\/v2\/pages\/988\/revisions"}],"predecessor-version":[{"id":28760,"href":"https:\/\/www.cifial.pt\/es\/wp-json\/wp\/v2\/pages\/988\/revisions\/28760"}],"wp:attachment":[{"href":"https:\/\/www.cifial.pt\/es\/wp-json\/wp\/v2\/media?parent=988"}],"curies":[{"name":"wp","href":"https:\/\/api.w.org\/{rel}","templated":true}]}}