{"id":992,"date":"2025-02-05T08:59:16","date_gmt":"2025-02-05T08:59:16","guid":{"rendered":"https:\/\/www.cifial.pt\/since-1904\/"},"modified":"2025-05-22T10:39:39","modified_gmt":"2025-05-22T10:39:39","slug":"since-1904","status":"publish","type":"page","link":"https:\/\/www.cifial.pt\/es\/since-1904\/","title":{"rendered":"Since 1904"},"content":{"rendered":"<p>[vc_row css_animation=\u00bbfadeInUp\u00bb][vc_column][vc_column_text el_class=\u00bbtexto-descritivo-pagina texto-descritivo\u00bb]<\/p>\n<h4 style=\"text-align: left;\"><strong>Quem Somos<\/strong><\/h4>\n<p>&nbsp;<\/p>\n<p>Fundada h\u00e1 mais de um s\u00e9culo, a Cifial, S.A. \u00e9 uma refer\u00eancia na ind\u00fastria de ferragens, torneiras e solu\u00e7\u00f5es para banho, combinando tradi\u00e7\u00e3o e inova\u00e7\u00e3o para oferecer produtos de excel\u00eancia. Com uma trajet\u00f3ria marcada pela qualidade e pelo design de vanguarda, a empresa consolidou-se como um dos principais fabricantes do setor, apostando continuamente no desenvolvimento tecnol\u00f3gico e na sustentabilidade.<\/p>\n<p>&nbsp;<\/p>\n<p>Reconhecida internacionalmente, a Cifial tem no seu portf\u00f3lio diversos pr\u00eamios de design e inova\u00e7\u00e3o, reflexo do seu compromisso com a excel\u00eancia e a diferencia\u00e7\u00e3o no mercado. A sua presen\u00e7a comercial estende-se al\u00e9m das fronteiras de Portugal, exportando para diversos pa\u00edses e refor\u00e7ando a sua posi\u00e7\u00e3o global atrav\u00e9s de uma rede s\u00f3lida de parceiros e distribuidores.<\/p>\n<p>&nbsp;<\/p>\n<p>Com um legado industrial robusto e uma vis\u00e3o orientada para o futuro, a Cifial continua a expandir-se, mantendo-se fiel aos valores que a tornaram uma marca de prest\u00edgio.[\/vc_column_text][\/vc_column][\/vc_row][vc_row full_width=\u00bbstretch_row_content_no_spaces\u00bb css_animation=\u00bbfadeInUp\u00bb][vc_column][vc_row_inner equal_height=\u00bbyes\u00bb][vc_column_inner width=\u00bb6\/12&#8243;][vc_single_image image=\u00bb21074&#8243; img_size=\u00bbfull\u00bb alignment=\u00bbcenter\u00bb el_class=\u00bbimagem-visao\u00bb][\/vc_column_inner][vc_column_inner el_class=\u00bbtexto-visao\u00bb width=\u00bb6\/12&#8243; css=\u00bb.vc_custom_1738747044085{background-color: #2c2c2c !important;}\u00bb][vc_column_text el_class=\u00bbtexto-top\u00bb]<\/p>\n<h6>VIS\u00c3O<\/h6>\n<p>Enriquecer a casa de banho com solu\u00e7\u00f5es de design inovador, tecnologia inteligente e qualidade inquestion\u00e1vel. Transformar funcionalidade em arte, elevando o padr\u00e3o do quotidiano.[\/vc_column_text][vc_column_text el_class=\u00bbtexto-meio\u00bb]<\/p>\n<h6>MISS\u00c3O<\/h6>\n<p>Ser a marca de refer\u00eancia global do espa\u00e7o de banho, atrav\u00e9s da inova\u00e7\u00e3o, est\u00e9tica e sustentabilidade. Proporcionar experi\u00eancias que marcam gera\u00e7\u00f5es.[\/vc_column_text][vc_column_text el_class=\u00bbtexto-baixo\u00bb]<\/p>\n<h6>VALORES<\/h6>\n<p>Design que surpreende<\/p>\n<p>Inova\u00e7\u00e3o com prop\u00f3sito<\/p>\n<p>Excel\u00eancia sem concess\u00f5es<\/p>\n<p>Atitude global[\/vc_column_text][\/vc_column_inner][\/vc_row_inner][\/vc_column][\/vc_row][vc_row full_width=\u00bbstretch_row_content_no_spaces\u00bb equal_height=\u00bbyes\u00bb css_animation=\u00bbfadeInUp\u00bb el_class=\u00bbtexto-anos\u00bb][vc_column width=\u00bb5\/12&#8243;][vc_column_text el_class=\u00bbbackground-texto-img\u00bb]<\/p>\n<h6>1904 &#8211; As Origens<\/h6>\n<p>A CIFIAL tem as suas ra\u00edzes no Centro Industrial de Ferragens, Lda (CIF), fundado em 1904 por Alberto Costa Reis, conhecido como \u201cO Biscat\u00e3o\u201d. Nos seus prim\u00f3rdios, a f\u00e1brica dedicava-se \u00e0 produ\u00e7\u00e3o de fechos, fechaduras, dobradi\u00e7as e cofres, estabelecendo desde cedo um compromisso com a qualidade e a inova\u00e7\u00e3o.[\/vc_column_text][\/vc_column][vc_column width=\u00bb7\/12&#8243; el_class=\u00bbimagem-background-anos\u00bb][vc_single_image image=\u00bb20932&#8243; img_size=\u00bbfull\u00bb][\/vc_column][\/vc_row][vc_row full_width=\u00bbstretch_row_content_no_spaces\u00bb equal_height=\u00bbyes\u00bb css_animation=\u00bbfadeInUp\u00bb el_class=\u00bbtexto-anos-2 texto-anos\u00bb][vc_column width=\u00bb7\/12&#8243;][vc_single_image image=\u00bb330&#8243; img_size=\u00bbfull\u00bb][\/vc_column][vc_column width=\u00bb5\/12&#8243; el_class=\u00bbimagem-background-anos\u00bb][vc_column_text el_class=\u00bbbackground-texto-img-2&#8243;]<\/p>\n<h6>1930\u2019s &#8211; Os Primeiros Passos na Internacionaliza\u00e7\u00e3o<\/h6>\n<p>Na d\u00e9cada de 1930, a CIFIAL participa nas primeiras feiras em Portugal, tornando-se pioneira na explora\u00e7\u00e3o de mercados internacionais. Demonstrando uma vis\u00e3o comercial avan\u00e7ada, a marca CIFIAL \u00e9 registada em 1934, protegendo o seu patrim\u00f3nio e consolidando a identidade da empresa.[\/vc_column_text][\/vc_column][\/vc_row][vc_row full_width=\u00bbstretch_row_content_no_spaces\u00bb equal_height=\u00bbyes\u00bb css_animation=\u00bbfadeInUp\u00bb el_class=\u00bbtexto-anos\u00bb][vc_column width=\u00bb1\/2&#8243;][vc_column_text el_class=\u00bbbackground-texto-img\u00bb]<\/p>\n<h6>1940\u2019s &#8211; Uma Nova Era de Crescimento<\/h6>\n<p>Em 1944, Jos\u00e9 Marques adquire a empresa com um esp\u00edrito inovador, apostando desde o in\u00edcio na exporta\u00e7\u00e3o, n\u00e3o apenas para expandir o neg\u00f3cio, mas tamb\u00e9m para importar novas ideias industriais e comerciais. A sua vis\u00e3o leva-o a estabelecer rela\u00e7\u00f5es comerciais em pa\u00edses como Alemanha, Su\u00ed\u00e7a, B\u00e9lgica e Fran\u00e7a.<br \/>\nPara responder \u00e0 crescente procura, em 1946 a CIFIAL adquire a primeira m\u00e1quina de dentar chaves por c\u00f3pia em Portugal \u2013 uma das primeiras da Pen\u00ednsula Ib\u00e9rica.[\/vc_column_text][\/vc_column][vc_column width=\u00bb1\/2&#8243; el_class=\u00bbimagem-background-anos\u00bb][vc_single_image image=\u00bb20947&#8243; img_size=\u00bbfull\u00bb][\/vc_column][\/vc_row][vc_row full_width=\u00bbstretch_row_content_no_spaces\u00bb equal_height=\u00bbyes\u00bb css_animation=\u00bbfadeInUp\u00bb el_class=\u00bbtexto-anos-2 texto-anos\u00bb][vc_column width=\u00bb7\/12&#8243;][vc_single_image image=\u00bb20957&#8243; img_size=\u00bbfull\u00bb][\/vc_column][vc_column width=\u00bb5\/12&#8243; el_class=\u00bbimagem-background-anos\u00bb][vc_column_text el_class=\u00bbbackground-texto-img-2&#8243;]<\/p>\n<h6>1950\u2019s &#8211; Expans\u00e3o Global<\/h6>\n<p>A internacionaliza\u00e7\u00e3o da CIFIAL ganha novo f\u00f4lego. Em 1954, a empresa conta j\u00e1 com mais de 280 clientes na \u00c1frica do Sul, Rod\u00e9sia, Louren\u00e7o Marques e Bissau. A expans\u00e3o para as prov\u00edncias ultramarinas prossegue ao longo da d\u00e9cada, consolidando a sua presen\u00e7a al\u00e9m-fronteiras.[\/vc_column_text][\/vc_column][\/vc_row][vc_row full_width=\u00bbstretch_row_content_no_spaces\u00bb equal_height=\u00bbyes\u00bb css_animation=\u00bbfadeInUp\u00bb el_class=\u00bbtexto-anos\u00bb][vc_column width=\u00bb1\/2&#8243;][vc_column_text el_class=\u00bbbackground-texto-img\u00bb]<\/p>\n<h6>1960\u2019s &#8211; Crescimento Industrial e Tecnol\u00f3gico<\/h6>\n<p>No in\u00edcio dos anos 60, a CIFIAL emprega cerca de 200 oper\u00e1rios e a \u00e1rea fabril continua a expandir-se. Em 1961, instala a primeira m\u00e1quina de eletroeros\u00e3o do pa\u00eds.<br \/>\nA segunda metade da d\u00e9cada \u00e9 marcada por moderniza\u00e7\u00f5es significativas: a renova\u00e7\u00e3o dos equipamentos leva \u00e0 substitui\u00e7\u00e3o dos sistemas de acionamento por linhas de eixo por motores el\u00e9tricos. Em 1967, a empresa d\u00e1 mais um passo na internacionaliza\u00e7\u00e3o, iniciando opera\u00e7\u00f5es nos Estados Unidos.[\/vc_column_text][\/vc_column][vc_column width=\u00bb1\/2&#8243; el_class=\u00bbimagem-background-anos\u00bb][vc_single_image image=\u00bb20967&#8243; img_size=\u00bbfull\u00bb][\/vc_column][\/vc_row][vc_row full_width=\u00bbstretch_row_content_no_spaces\u00bb equal_height=\u00bbyes\u00bb css_animation=\u00bbfadeInUp\u00bb el_class=\u00bbtexto-anos-2 texto-anos\u00bb][vc_column width=\u00bb7\/12&#8243;][vc_single_image image=\u00bb20972&#8243; img_size=\u00bbfull\u00bb][\/vc_column][vc_column width=\u00bb5\/12&#8243; el_class=\u00bbimagem-background-anos\u00bb][vc_column_text el_class=\u00bbbackground-texto-img-2&#8243;]<\/p>\n<h6>1970\u2019s &#8211; Inova\u00e7\u00e3o e Novas Tecnologias<\/h6>\n<p>A moderniza\u00e7\u00e3o continua com a introdu\u00e7\u00e3o de uma linha de tornos programados e da primeira linha de cromagem autom\u00e1tica do pa\u00eds. Em 1975, entra em funcionamento a primeira fundi\u00e7\u00e3o injetada de ZAMACK em Portugal.<br \/>\nO crescimento nos EUA intensifica-se e, em 1976, a CIFIAL atinge uma fatura\u00e7\u00e3o anual de 10,5 milh\u00f5es de escudos.[\/vc_column_text][\/vc_column][\/vc_row][vc_row full_width=\u00bbstretch_row_content_no_spaces\u00bb equal_height=\u00bbyes\u00bb css_animation=\u00bbfadeInUp\u00bb el_class=\u00bbtexto-anos\u00bb][vc_column width=\u00bb1\/2&#8243;][vc_column_text el_class=\u00bbbackground-texto-img\u00bb]<\/p>\n<h6>1980\u2019s &#8211; O Prest\u00edgio Internacional<\/h6>\n<p>A inova\u00e7\u00e3o e a qualidade dos produtos CIFIAL fortalecem a sua rela\u00e7\u00e3o com os clientes americanos. O prest\u00edgio da marca cresce e, fruto dessas parcerias, a cole\u00e7\u00e3o Edwardian torna-se a primeira gama de torneiras da CIFIAL a ser instalada na Casa Branca, por escolha da Primeira Dama Nancy Reagan.<br \/>\n\u00c9 tamb\u00e9m nesta d\u00e9cada que a CIFIAL come\u00e7a a comercializar torneiras sob a sua pr\u00f3pria marca, refor\u00e7ando a sua identidade no setor.[\/vc_column_text][\/vc_column][vc_column width=\u00bb1\/2&#8243; el_class=\u00bbimagem-background-anos\u00bb][vc_single_image image=\u00bb20982&#8243; img_size=\u00bbfull\u00bb][\/vc_column][\/vc_row][vc_row full_width=\u00bbstretch_row_content_no_spaces\u00bb equal_height=\u00bbyes\u00bb css_animation=\u00bbfadeInUp\u00bb el_class=\u00bbtexto-anos-2 texto-anos\u00bb][vc_column width=\u00bb7\/12&#8243;][vc_single_image image=\u00bb20987&#8243; img_size=\u00bbfull\u00bb][\/vc_column][vc_column width=\u00bb5\/12&#8243; el_class=\u00bbimagem-background-anos\u00bb][vc_column_text el_class=\u00bbbackground-texto-img-2&#8243;]<\/p>\n<h6>1990\u2019s &#8211; Consolida\u00e7\u00e3o Global<\/h6>\n<p>A internacionaliza\u00e7\u00e3o da CIFIAL \u00e9 solidificada com a abertura de filiais no Reino Unido (1993), EUA (1996) e Espanha (1991). Em 1992, o grupo adquire participa\u00e7\u00e3o na Aquatis, que viria a transformar-se na CIFIAL \u2013 Ind\u00fastria Cer\u00e2mica, SA.<br \/>\nCom o objetivo de se tornar l\u00edder em solu\u00e7\u00f5es integradas para casa de banho, a empresa adquire as marcas OLIVA e LUSEPI.<\/p>\n<p>Em 1996, a CIFIAL torna-se pioneira na Europa na instala\u00e7\u00e3o e utiliza\u00e7\u00e3o de processos PVD.[\/vc_column_text][\/vc_column][\/vc_row][vc_row full_width=\u00bbstretch_row_content_no_spaces\u00bb equal_height=\u00bbyes\u00bb css_animation=\u00bbfadeInUp\u00bb el_class=\u00bbtexto-anos\u00bb][vc_column width=\u00bb1\/2&#8243;][vc_column_text el_class=\u00bbbackground-texto-img\u00bb]<\/p>\n<h6>2000\u2019s &#8211; Reconhecimento e Expans\u00e3o<\/h6>\n<p>O in\u00edcio do s\u00e9culo XXI \u00e9 marcado pelo reconhecimento internacional: a CIFIAL arrecada 18 pr\u00e9mios de design, incluindo o Red Dot Design Award, GOOD DESIGN e ADEX.<br \/>\nCom uma \u00e1rea industrial de 90.000 m\u00b2 dedicada \u00e0 metalomec\u00e2nica e 60.000 m\u00b2 \u00e0 cer\u00e2mica, a produ\u00e7\u00e3o di\u00e1ria atinge 10.700 unidades metalomec\u00e2nicas e 1.360 unidades cer\u00e2micas. Em 2004, a empresa adquire a totalidade da Aquatis, refor\u00e7ando a sua presen\u00e7a no setor. Nesta fase, a CIFIAL emprega quase 1.000 colaboradores nas suas tr\u00eas unidades industriais.[\/vc_column_text][\/vc_column][vc_column width=\u00bb1\/2&#8243; el_class=\u00bbimagem-background-anos\u00bb][vc_single_image image=\u00bb20992&#8243; img_size=\u00bbfull\u00bb][\/vc_column][\/vc_row][vc_row full_width=\u00bbstretch_row_content_no_spaces\u00bb equal_height=\u00bbyes\u00bb css_animation=\u00bbfadeInUp\u00bb el_class=\u00bbtexto-anos-2 texto-anos\u00bb css=\u00bb.vc_custom_1739272935310{margin-bottom: 100px !important;}\u00bb][vc_column width=\u00bb7\/12&#8243;][vc_single_image image=\u00bb20997&#8243; img_size=\u00bbfull\u00bb][\/vc_column][vc_column width=\u00bb5\/12&#8243; el_class=\u00bbimagem-background-anos\u00bb][vc_column_text el_class=\u00bbbackground-texto-img-2&#8243;]<\/p>\n<h6>2020\u2019s &#8211; Renova\u00e7\u00e3o e Sustentabilidade<\/h6>\n<p>Sob uma nova lideran\u00e7a, a CIFIAL redefine a sua estrat\u00e9gia para enfrentar os desafios do futuro. Apostando na inova\u00e7\u00e3o e no refor\u00e7o da sua posi\u00e7\u00e3o no mercado nacional e internacional, amplia o portef\u00f3lio com novas categorias de produtos, como mobili\u00e1rio e bases de chuveiro.<br \/>\nA produ\u00e7\u00e3o \u00e9 globalizada, contando com unidades externas em Portugal, Espanha e It\u00e1lia, mantendo sempre elevados padr\u00f5es de qualidade. Paralelamente, a CIFIAL assume um forte compromisso ambiental, otimizando o consumo h\u00eddrico dos seus produtos e tornando o seu processo industrial mais sustent\u00e1vel.<br \/>\nEm 2023, \u00e9 inaugurada uma Unidade de Produ\u00e7\u00e3o de Energia El\u00e9trica atrav\u00e9s de pain\u00e9is fotovoltaicos com uma \u00e1rea total de 3.000 m\u00b2 e capacidade produtiva de at\u00e9 847 MWh\/ano.<br \/>\nA identidade visual da marca acompanha esta renova\u00e7\u00e3o, mantendo os valores que fizeram da CIFIAL uma refer\u00eancia ao longo de mais de 120 anos de hist\u00f3ria.<br \/>\nO reconhecimento internacional continua: a nova cole\u00e7\u00e3o de torneiras Legacif recebe o pr\u00e9mio GOOD DESIGN AWARD, atribu\u00eddo pelo The Chicago Athenaeum.[\/vc_column_text][\/vc_column][\/vc_row]<\/p>\n","protected":false},"excerpt":{"rendered":"<p>[vc_row css_animation=\u00bbfadeInUp\u00bb][vc_column][vc_column_text el_class=\u00bbtexto-descritivo-pagina texto-descritivo\u00bb] Quem Somos &nbsp; Fundada h\u00e1 mais de um s\u00e9culo, a Cifial, S.A. \u00e9 uma refer\u00eancia na ind\u00fastria de ferragens, torneiras e solu\u00e7\u00f5es para banho, combinando tradi\u00e7\u00e3o e inova\u00e7\u00e3o para oferecer produtos de excel\u00eancia. Com uma trajet\u00f3ria marcada pela qualidade e pelo design de vanguarda, a empresa consolidou-se como um dos principais [&hellip;]<\/p>\n","protected":false},"author":1,"featured_media":737,"parent":0,"menu_order":0,"comment_status":"closed","ping_status":"closed","template":"","meta":{"_monsterinsights_skip_tracking":false,"_monsterinsights_sitenote_active":false,"_monsterinsights_sitenote_note":"","_monsterinsights_sitenote_category":0,"footnotes":""},"class_list":["post-992","page","type-page","status-publish","has-post-thumbnail","hentry"],"yoast_head":"<!-- This site is optimized with the Yoast SEO plugin v27.3 - https:\/\/yoast.com\/product\/yoast-seo-wordpress\/ -->\n<title>Since 1904 - Cifial<\/title>\n<meta name=\"robots\" content=\"index, follow, max-snippet:-1, max-image-preview:large, max-video-preview:-1\" \/>\n<link rel=\"canonical\" href=\"https:\/\/www.cifial.pt\/es\/since-1904\/\" \/>\n<meta property=\"og:locale\" content=\"es_ES\" \/>\n<meta property=\"og:type\" content=\"article\" \/>\n<meta property=\"og:title\" content=\"Since 1904 - Cifial\" \/>\n<meta property=\"og:description\" content=\"[vc_row css_animation=\u00bbfadeInUp\u00bb][vc_column][vc_column_text el_class=\u00bbtexto-descritivo-pagina texto-descritivo\u00bb] Quem Somos &nbsp; Fundada h\u00e1 mais de um s\u00e9culo, a Cifial, S.A. \u00e9 uma refer\u00eancia na ind\u00fastria de ferragens, torneiras e solu\u00e7\u00f5es para banho, combinando tradi\u00e7\u00e3o e inova\u00e7\u00e3o para oferecer produtos de excel\u00eancia. Com uma trajet\u00f3ria marcada pela qualidade e pelo design de vanguarda, a empresa consolidou-se como um dos principais [&hellip;]\" \/>\n<meta property=\"og:url\" content=\"https:\/\/www.cifial.pt\/es\/since-1904\/\" \/>\n<meta property=\"og:site_name\" content=\"Cifial\" \/>\n<meta property=\"article:publisher\" content=\"https:\/\/www.facebook.com\/Cifial.SA\/\" \/>\n<meta property=\"article:modified_time\" content=\"2025-05-22T10:39:39+00:00\" \/>\n<meta property=\"og:image\" content=\"https:\/\/www.cifial.pt\/wp-content\/uploads\/2025\/02\/Mask-Group-15_3.png\" \/>\n\t<meta property=\"og:image:width\" content=\"1080\" \/>\n\t<meta property=\"og:image:height\" content=\"487\" \/>\n\t<meta property=\"og:image:type\" content=\"image\/png\" \/>\n<meta name=\"twitter:card\" content=\"summary_large_image\" \/>\n<meta name=\"twitter:label1\" content=\"Tiempo de lectura\" \/>\n\t<meta name=\"twitter:data1\" content=\"7 minutos\" \/>\n<script type=\"application\/ld+json\" class=\"yoast-schema-graph\">{\"@context\":\"https:\\\/\\\/schema.org\",\"@graph\":[{\"@type\":\"WebPage\",\"@id\":\"https:\\\/\\\/www.cifial.pt\\\/es\\\/since-1904\\\/\",\"url\":\"https:\\\/\\\/www.cifial.pt\\\/es\\\/since-1904\\\/\",\"name\":\"Since 1904 - Cifial\",\"isPartOf\":{\"@id\":\"https:\\\/\\\/www.cifial.pt\\\/#website\"},\"primaryImageOfPage\":{\"@id\":\"https:\\\/\\\/www.cifial.pt\\\/es\\\/since-1904\\\/#primaryimage\"},\"image\":{\"@id\":\"https:\\\/\\\/www.cifial.pt\\\/es\\\/since-1904\\\/#primaryimage\"},\"thumbnailUrl\":\"https:\\\/\\\/www.cifial.pt\\\/wp-content\\\/uploads\\\/2025\\\/02\\\/Mask-Group-15_3.png\",\"datePublished\":\"2025-02-05T08:59:16+00:00\",\"dateModified\":\"2025-05-22T10:39:39+00:00\",\"breadcrumb\":{\"@id\":\"https:\\\/\\\/www.cifial.pt\\\/es\\\/since-1904\\\/#breadcrumb\"},\"inLanguage\":\"es\",\"potentialAction\":[{\"@type\":\"ReadAction\",\"target\":[\"https:\\\/\\\/www.cifial.pt\\\/es\\\/since-1904\\\/\"]}]},{\"@type\":\"ImageObject\",\"inLanguage\":\"es\",\"@id\":\"https:\\\/\\\/www.cifial.pt\\\/es\\\/since-1904\\\/#primaryimage\",\"url\":\"https:\\\/\\\/www.cifial.pt\\\/wp-content\\\/uploads\\\/2025\\\/02\\\/Mask-Group-15_3.png\",\"contentUrl\":\"https:\\\/\\\/www.cifial.pt\\\/wp-content\\\/uploads\\\/2025\\\/02\\\/Mask-Group-15_3.png\",\"width\":1080,\"height\":487},{\"@type\":\"BreadcrumbList\",\"@id\":\"https:\\\/\\\/www.cifial.pt\\\/es\\\/since-1904\\\/#breadcrumb\",\"itemListElement\":[{\"@type\":\"ListItem\",\"position\":1,\"name\":\"In\u00edcio\",\"item\":\"https:\\\/\\\/www.cifial.pt\\\/es\\\/\"},{\"@type\":\"ListItem\",\"position\":2,\"name\":\"Since 1904\"}]},{\"@type\":\"WebSite\",\"@id\":\"https:\\\/\\\/www.cifial.pt\\\/#website\",\"url\":\"https:\\\/\\\/www.cifial.pt\\\/\",\"name\":\"Cifial\",\"description\":\"\",\"publisher\":{\"@id\":\"https:\\\/\\\/www.cifial.pt\\\/#organization\"},\"potentialAction\":[{\"@type\":\"SearchAction\",\"target\":{\"@type\":\"EntryPoint\",\"urlTemplate\":\"https:\\\/\\\/www.cifial.pt\\\/?s={search_term_string}\"},\"query-input\":{\"@type\":\"PropertyValueSpecification\",\"valueRequired\":true,\"valueName\":\"search_term_string\"}}],\"inLanguage\":\"es\"},{\"@type\":\"Organization\",\"@id\":\"https:\\\/\\\/www.cifial.pt\\\/#organization\",\"name\":\"Cifial\",\"url\":\"https:\\\/\\\/www.cifial.pt\\\/\",\"logo\":{\"@type\":\"ImageObject\",\"inLanguage\":\"es\",\"@id\":\"https:\\\/\\\/www.cifial.pt\\\/#\\\/schema\\\/logo\\\/image\\\/\",\"url\":\"https:\\\/\\\/www.cifial.pt\\\/wp-content\\\/uploads\\\/2024\\\/12\\\/cropped-logo_cifial_240x37.png\",\"contentUrl\":\"https:\\\/\\\/www.cifial.pt\\\/wp-content\\\/uploads\\\/2024\\\/12\\\/cropped-logo_cifial_240x37.png\",\"width\":150,\"height\":65,\"caption\":\"Cifial\"},\"image\":{\"@id\":\"https:\\\/\\\/www.cifial.pt\\\/#\\\/schema\\\/logo\\\/image\\\/\"},\"sameAs\":[\"https:\\\/\\\/www.facebook.com\\\/Cifial.SA\\\/\",\"https:\\\/\\\/www.instagram.com\\\/cifial_sa\\\/\",\"https:\\\/\\\/www.linkedin.com\\\/company\\\/cifial\\\/\"]}]}<\/script>\n<!-- \/ Yoast SEO plugin. -->","yoast_head_json":{"title":"Since 1904 - Cifial","robots":{"index":"index","follow":"follow","max-snippet":"max-snippet:-1","max-image-preview":"max-image-preview:large","max-video-preview":"max-video-preview:-1"},"canonical":"https:\/\/www.cifial.pt\/es\/since-1904\/","og_locale":"es_ES","og_type":"article","og_title":"Since 1904 - Cifial","og_description":"[vc_row css_animation=\u00bbfadeInUp\u00bb][vc_column][vc_column_text el_class=\u00bbtexto-descritivo-pagina texto-descritivo\u00bb] Quem Somos &nbsp; Fundada h\u00e1 mais de um s\u00e9culo, a Cifial, S.A. \u00e9 uma refer\u00eancia na ind\u00fastria de ferragens, torneiras e solu\u00e7\u00f5es para banho, combinando tradi\u00e7\u00e3o e inova\u00e7\u00e3o para oferecer produtos de excel\u00eancia. Com uma trajet\u00f3ria marcada pela qualidade e pelo design de vanguarda, a empresa consolidou-se como um dos principais [&hellip;]","og_url":"https:\/\/www.cifial.pt\/es\/since-1904\/","og_site_name":"Cifial","article_publisher":"https:\/\/www.facebook.com\/Cifial.SA\/","article_modified_time":"2025-05-22T10:39:39+00:00","og_image":[{"width":1080,"height":487,"url":"https:\/\/www.cifial.pt\/wp-content\/uploads\/2025\/02\/Mask-Group-15_3.png","type":"image\/png"}],"twitter_card":"summary_large_image","twitter_misc":{"Tiempo de lectura":"7 minutos"},"schema":{"@context":"https:\/\/schema.org","@graph":[{"@type":"WebPage","@id":"https:\/\/www.cifial.pt\/es\/since-1904\/","url":"https:\/\/www.cifial.pt\/es\/since-1904\/","name":"Since 1904 - Cifial","isPartOf":{"@id":"https:\/\/www.cifial.pt\/#website"},"primaryImageOfPage":{"@id":"https:\/\/www.cifial.pt\/es\/since-1904\/#primaryimage"},"image":{"@id":"https:\/\/www.cifial.pt\/es\/since-1904\/#primaryimage"},"thumbnailUrl":"https:\/\/www.cifial.pt\/wp-content\/uploads\/2025\/02\/Mask-Group-15_3.png","datePublished":"2025-02-05T08:59:16+00:00","dateModified":"2025-05-22T10:39:39+00:00","breadcrumb":{"@id":"https:\/\/www.cifial.pt\/es\/since-1904\/#breadcrumb"},"inLanguage":"es","potentialAction":[{"@type":"ReadAction","target":["https:\/\/www.cifial.pt\/es\/since-1904\/"]}]},{"@type":"ImageObject","inLanguage":"es","@id":"https:\/\/www.cifial.pt\/es\/since-1904\/#primaryimage","url":"https:\/\/www.cifial.pt\/wp-content\/uploads\/2025\/02\/Mask-Group-15_3.png","contentUrl":"https:\/\/www.cifial.pt\/wp-content\/uploads\/2025\/02\/Mask-Group-15_3.png","width":1080,"height":487},{"@type":"BreadcrumbList","@id":"https:\/\/www.cifial.pt\/es\/since-1904\/#breadcrumb","itemListElement":[{"@type":"ListItem","position":1,"name":"In\u00edcio","item":"https:\/\/www.cifial.pt\/es\/"},{"@type":"ListItem","position":2,"name":"Since 1904"}]},{"@type":"WebSite","@id":"https:\/\/www.cifial.pt\/#website","url":"https:\/\/www.cifial.pt\/","name":"Cifial","description":"","publisher":{"@id":"https:\/\/www.cifial.pt\/#organization"},"potentialAction":[{"@type":"SearchAction","target":{"@type":"EntryPoint","urlTemplate":"https:\/\/www.cifial.pt\/?s={search_term_string}"},"query-input":{"@type":"PropertyValueSpecification","valueRequired":true,"valueName":"search_term_string"}}],"inLanguage":"es"},{"@type":"Organization","@id":"https:\/\/www.cifial.pt\/#organization","name":"Cifial","url":"https:\/\/www.cifial.pt\/","logo":{"@type":"ImageObject","inLanguage":"es","@id":"https:\/\/www.cifial.pt\/#\/schema\/logo\/image\/","url":"https:\/\/www.cifial.pt\/wp-content\/uploads\/2024\/12\/cropped-logo_cifial_240x37.png","contentUrl":"https:\/\/www.cifial.pt\/wp-content\/uploads\/2024\/12\/cropped-logo_cifial_240x37.png","width":150,"height":65,"caption":"Cifial"},"image":{"@id":"https:\/\/www.cifial.pt\/#\/schema\/logo\/image\/"},"sameAs":["https:\/\/www.facebook.com\/Cifial.SA\/","https:\/\/www.instagram.com\/cifial_sa\/","https:\/\/www.linkedin.com\/company\/cifial\/"]}]}},"_links":{"self":[{"href":"https:\/\/www.cifial.pt\/es\/wp-json\/wp\/v2\/pages\/992","targetHints":{"allow":["GET"]}}],"collection":[{"href":"https:\/\/www.cifial.pt\/es\/wp-json\/wp\/v2\/pages"}],"about":[{"href":"https:\/\/www.cifial.pt\/es\/wp-json\/wp\/v2\/types\/page"}],"author":[{"embeddable":true,"href":"https:\/\/www.cifial.pt\/es\/wp-json\/wp\/v2\/users\/1"}],"replies":[{"embeddable":true,"href":"https:\/\/www.cifial.pt\/es\/wp-json\/wp\/v2\/comments?post=992"}],"version-history":[{"count":1,"href":"https:\/\/www.cifial.pt\/es\/wp-json\/wp\/v2\/pages\/992\/revisions"}],"predecessor-version":[{"id":28672,"href":"https:\/\/www.cifial.pt\/es\/wp-json\/wp\/v2\/pages\/992\/revisions\/28672"}],"wp:featuredmedia":[{"embeddable":true,"href":"https:\/\/www.cifial.pt\/es\/wp-json\/wp\/v2\/media\/737"}],"wp:attachment":[{"href":"https:\/\/www.cifial.pt\/es\/wp-json\/wp\/v2\/media?parent=992"}],"curies":[{"name":"wp","href":"https:\/\/api.w.org\/{rel}","templated":true}]}}