{"id":28752,"date":"2024-12-30T09:46:41","date_gmt":"2024-12-30T09:46:41","guid":{"rendered":"https:\/\/www.cifial.pt\/politica-privacidade\/"},"modified":"2025-05-22T16:41:58","modified_gmt":"2025-05-22T16:41:58","slug":"politica-privacidade","status":"publish","type":"page","link":"https:\/\/www.cifial.pt\/fr\/politica-privacidade\/","title":{"rendered":"Pol\u00edtica de privacidade"},"content":{"rendered":"\r\n<h2 class=\"wp-block-heading\">\u00a0<\/h2>\r\n<h2>INTRODU\u00c7\u00c3O<\/h2>\r\n<p>Esta Pol\u00edtica de Cookies explica como utilizamos as informa\u00e7\u00f5es recolhidas atrav\u00e9s de cookies e outras tecnologias de rastreio nos s\u00edtios eletr\u00f3nicos, compreendidos como canais digitais e propriedade da Cifial S.A.\u00a0<\/p>\r\n<p>Estes canais digitais utilizam cookies n\u00e3o s\u00f3 para garantir que funcionam corretamente, como para lhe proporcionar uma melhor experi\u00eancia de navega\u00e7\u00e3o, permitir a melhoria cont\u00ednua dos servi\u00e7os disponibilizados e proteger os seus dados.<\/p>\r\n<p>A Pol\u00edtica de Cookies deve ser lida em conjunto com a nossa\u00a0Pol\u00edtica de Privacidade, onde explicamos como protegemos a sua privacidade na utiliza\u00e7\u00e3o que fazemos de cookies e outras informa\u00e7\u00f5es.<\/p>\r\n<p>Para quaisquer quest\u00f5es sobre a Pol\u00edtica de Cookies, poder\u00e1 contactar a Cifial SA atrav\u00e9s dos seguintes pontos de contacto:<\/p>\r\n<p class=\"wp-block-heading\">\u00c1rea de cliente\u00a0www.cifial.pt ou<br \/>Atendimento a clientes: +351 256 780 100 (dias \u00fateis das 09:00h \u00e0s 17:30h).<\/p>\r\n<p>&nbsp;<\/p>\r\n<h2>Pol\u00edtica de Privacidade<\/h2>\r\n<p>A sua privacidade \u00e9 importante para n\u00f3s.<\/p>\r\n<p>\u00c9 pol\u00edtica da Cifial S.A. respeitar a sua privacidade em rela\u00e7\u00e3o a qualquer informa\u00e7\u00e3o que possa ser recolhida no site Cifial S.A. e outros sites pertencentes ao grupo. Solicitamos informa\u00e7\u00f5es pessoais apenas quando realmente necessitamos para lhe fornecer um melhor servi\u00e7o. Fazemo-lo por meios legais, com o seu conhecimento e consentimento. Apenas retemos as informa\u00e7\u00f5es recolhidas pelo tempo necess\u00e1rio para fornecer o servi\u00e7o solicitado. Quando armazenamos dados, protegemos os mesmos atrav\u00e9s de meios necess\u00e1rios para evitar perdas, roubos, bem como acesso, divulga\u00e7\u00e3o, c\u00f3pia, uso ou modifica\u00e7\u00e3o n\u00e3o autorizada. N\u00e3o compartilhamos informa\u00e7\u00f5es de identifica\u00e7\u00e3o pessoal publicamente ou com terceiros, exceto quando exigido por lei. O nosso site pode ter links para sites externos n\u00e3o operados por n\u00f3s. N\u00e3o temos controlo sobre o conte\u00fado e pr\u00e1ticas desses sites, bem como da pol\u00edtica de privacidade. Cada utilizador \u00e9 livre para recusar a nossa solicita\u00e7\u00e3o de informa\u00e7\u00f5es pessoais. Sem acesso a esta informa\u00e7\u00e3o n\u00e3o poderemos fornecer alguns dos servi\u00e7os dispon\u00edveis online. O uso continuado de nosso site ser\u00e1 considerado como aceita\u00e7\u00e3o das nossas pr\u00e1ticas em torno de privacidade e informa\u00e7\u00f5es pessoais. Caso pretenda informa\u00e7\u00e3o detalhada sobre como utilizamos os dados dos utilizadores informa\u00e7\u00f5es pessoais, entre em contacto connosco.<\/p>\r\n<p>&nbsp;<\/p>\r\n<h2>Pol\u00edtica de Cookies Cifial S.A.<\/h2>\r\n<p>Os cookies neste site podem ser utilizados pela Cifial SA para melhorar a navega\u00e7\u00e3o e desempenho do site, analisar a sua utiliza\u00e7\u00e3o e possibilitar a cria\u00e7\u00e3o de conte\u00fados de publicidade direcionada e de redes sociais. Por defeito, s\u00f3 os cookies estritamente necess\u00e1rios se encontram ativos.<br \/>Os cookies funcionais em vigor servem para:<br \/>-possibilitar o in\u00edcio de sess\u00e3o segura;<br \/>-memorizar o ponto onde se encontra durante uma encomenda.<\/p>\r\n<h3>O que s\u00e3o Cookies?<\/h3>\r\n<p>Os cookies s\u00e3o pequenos ficheiros de informa\u00e7\u00e3o colocados pelos websites que visita e que s\u00e3o armazenados no browser do dispositivo que utiliza para aceder \u00e0 internet (por exemplo, o seu computador ou telem\u00f3vel). Estes ficheiros ajudam o website a memorizar informa\u00e7\u00f5es sobre a sua visita e a facilitar a sua pr\u00f3xima visita: mantendo as a\u00e7\u00f5es e prefer\u00eancias dos Utilizadores durante um certo per\u00edodo de tempo, mantendo ou reconhecendo o seu username (nome de utilizador), a l\u00edngua em que pretende navegar no site ou outras defini\u00e7\u00f5es.<\/p>\r\n<p>\u00a0Os cookies podem ser classificados tendo em conta diversos crit\u00e9rios. O site da Cifial apenas utiliza cookies estritamente necess\u00e1rios.<\/p>\r\n<p>Considerando a sua finalidade, os cookies podem ser: \u00a0<\/p>\r\n<p><strong>(a) Cookies estritamente necess\u00e1rios<\/strong>\u00a0\u2013 quando s\u00e3o necess\u00e1rios para assegurar o funcionamento do website e\/ou para assegurar a disponibiliza\u00e7\u00e3o de funcionalidades que sejam solicitadas pelo utilizador ou ainda para guardar as suas prefer\u00eancias relativamente \u00e0 navega\u00e7\u00e3o no mesmo, sempre que utilizar o mesmo dispositivo e assim o solicite.<\/p>\r\n<p><strong>(b) Cookies anal\u00edticos<\/strong>\u00a0\u2013 t\u00eam car\u00e1cter acess\u00f3rio e recolhem informa\u00e7\u00e3o estat\u00edstica com o intuito de ajudar os propriet\u00e1rios de websites a analisar a utiliza\u00e7\u00e3o dos mesmos e a entender melhor o envolvimento dos seus visitantes com os websites. Outra das fun\u00e7\u00f5es para que poder\u00e3o ser utilizados estes cookies, em conjunto com alguns cookies de publicidade, \u00e9 a de permitir medir as intera\u00e7\u00f5es com os an\u00fancios que apresentamos.<\/p>\r\n<p><strong>(c) Cookies de personaliza\u00e7\u00e3o<\/strong>\u00a0\u2013 t\u00eam car\u00e1cter acess\u00f3rio (n\u00e3o necess\u00e1rios para o funcionamento do website, mas podem melhorar o seu desempenho) e s\u00e3o utilizados para a personaliza\u00e7\u00e3o da experi\u00eancia de navega\u00e7\u00e3o do utilizador.<\/p>\r\n<p><strong>(d) Cookies de publicidade<\/strong>\u00a0\u2013 t\u00eam car\u00e1cter acess\u00f3rio e visam tornar a publicidade mais atrativa para utilizadores e anunciantes, atrav\u00e9s da sele\u00e7\u00e3o de publicidade com base no que \u00e9 relevante para o utilizador, de forma a melhorar os relat\u00f3rios sobre desempenho de campanhas e evitar mostrar an\u00fancios que o utilizador j\u00e1 tenha visto ou assinalado como n\u00e3o sendo relevantes.<\/p>\r\n<p>Podem ser considerados dois tipos de cookies, dependendo do seu per\u00edodo de vida \u00fatil. O site da Cifial apenas utiliza cookies de sess\u00e3o. \u00a0<\/p>\r\n<p><strong>(a) Cookies de sess\u00e3o<\/strong>\u00a0\u2013 t\u00eam car\u00e1cter provis\u00f3rio, sendo eliminados do arquivo de cookies aquando ou pouco depois do fecho do browser ou aplica\u00e7\u00e3o utilizados para aceder aos Canais Digitais. Atrav\u00e9s deste tipo de cookies \u00e9 poss\u00edvel, por exemplo, analisar padr\u00f5es de tr\u00e1fego na web, permitindo-nos identificar problemas, salvaguardar a seguran\u00e7a e fornecer uma melhor experi\u00eancia de navega\u00e7\u00e3o.<\/p>\r\n<p><strong>(b) Cookies permanentes<\/strong>\u00a0\u2013 ao contr\u00e1rio dos cookies de sess\u00e3o, estes n\u00e3o s\u00e3o eliminados no fecho do browser ou aplica\u00e7\u00e3o, permanecendo guardados nos dispositivos do Utilizador. S\u00e3o utilizados sempre que \u00e9 feita uma nova visita ao website, permitindo, por exemplo, personalizar a experi\u00eancia de navega\u00e7\u00e3o de acordo com os interesses do Utilizador e prestar um servi\u00e7o mais individualizado.<\/p>\r\n<p>Considerando a entidade que coloca os cookies, estes poder\u00e3o classificar-se de duas formas. O site da Cifial apenas utiliza cookies pr\u00f3prios:<\/p>\r\n<p><strong>(a) Cookies pr\u00f3prios<\/strong>\u00a0\u2013 s\u00e3o enviados para o dispositivo do Utilizador atrav\u00e9s de equipamentos ou dom\u00ednios geridos pela CIFIAL e a partir do qual se presta o servi\u00e7o solicitado pelo Utilizador.<\/p>\r\n<p><strong>(b) Cookies de terceiros<\/strong>\u00a0\u2013 s\u00e3o enviados para o dispositivo do Utilizador a partir de um equipamento ou dom\u00ednio gerido por uma entidade terceira sob a qual a CIFIAL n\u00e3o tem controlo. Nestes casos, a entidade terceira poder\u00e1 tratar os dados recolhidos atrav\u00e9s dos cookies e a CIFIAL poder\u00e1 n\u00e3o ter a capacidade de configurar o seu funcionamento.<\/p>\r\n<h3><strong>Para que servem os nossos Cookies<\/strong><strong>?<\/strong><\/h3>\r\n<p>No Website, a CIFIAL utiliza os seguintes tipos de Cookies estritamente necess\u00e1rios, de sess\u00e3o e pr\u00f3prios.<\/p>\r\n<p>Pode acontecer que nem todos os nossos Canais Digitais utilizem todas as categorias de cookies acima elencadas.<\/p>\r\n<h3>Configurar<strong>\u00a0Cookies<\/strong><\/h3>\r\n<p>DEVO ACEITAR A UTILIZA\u00c7\u00c3O DE COOKIES?<\/p>\r\n<p>No caso dos cookies estritamente necess\u00e1rios, n\u00e3o \u00e9 poss\u00edvel ao website funcionar sem eles. De acordo com a legisla\u00e7\u00e3o em vigor, os Canais Digitais apenas poder\u00e3o utilizar cookies mediante o consentimento pr\u00e9vio e expresso do utilizador, exceto se a coloca\u00e7\u00e3o de determinados cookies for estritamente necess\u00e1ria para lhe prestar o servi\u00e7o que tenha expressamente solicitado ou para lhe disponibilizar o acesso a uma determinada funcionalidade dos Canais Digitais (ex.: para lhe permitir o acesso a uma determinada p\u00e1gina\/funcionalidade, como a \u00c1rea Reservada). O uso continuado de nosso site ser\u00e1 considerado como aceita\u00e7\u00e3o das nossas pr\u00e1ticas em torno de privacidade e informa\u00e7\u00f5es pessoais.<\/p>\r\n<p>COMO PODE GERIR AS SUAS PREFER\u00caNCIAS DE COOKIES?<\/p>\r\n<p>E comum o utilizador poder configurar as suas prefer\u00eancias acerca dos cookies que n\u00e3o sejam estritamente necess\u00e1rios. No caso do site da Cifial, e porque apenas utiliza cookies estritamente necess\u00e1rios, op\u00e7\u00e3o de n\u00e3o aceita\u00e7\u00e3o n\u00e3o \u00e9 poss\u00edvel. N\u00e3o aceitando os cookies estritamente necess\u00e1rios algumas funcionalidades do site poder\u00e3o deixar de estar dispon\u00edveis.<\/p>\r\n<p>COMO PODE CONFIGURAR O ARMAZENAMENTO DE COOKIES?<\/p>\r\n<p>Adicionalmente, a maioria dos browsers permite controlar os cookies armazenados no seu dispositivo, bem como a sua elimina\u00e7\u00e3o imediata, caso o utilizador pretenda deixar de permitir o armazenamento local de cookies. Pode alterar as configura\u00e7\u00f5es do seu browser para bloquear a instala\u00e7\u00e3o de cookies ou para o notificar cada vez que um cookie \u00e9 definido:<\/p>\r\n<p>Para mais informa\u00e7\u00f5es sobre \u201cNavega\u00e7\u00e3o Privada\u201d e gest\u00e3o de cookies no:<\/p>\r\n<p class=\"wp-block-heading\">-browser Firefox, clique\u00a0<a href=\"https:\/\/support.mozilla.org\/pt-PT\/kb\/protecao-contra-monitorizacao-melhorada-no-firefox-para-pc\">aqui<\/a>.<br \/>-browser Chrome, clique\u00a0<a href=\"https:\/\/support.google.com\/chrome\/answer\/95647?hl=en?hl=en\">aqui<\/a>.<br \/>-browser Internet Explorer, clique\u00a0<a href=\"https:\/\/support.microsoft.com\/pt-pt\/windows\/eliminar-e-gerir-cookies-168dab11-0753-043d-7c16-ede5947fc64d\">aqui<\/a>.<br \/>-browser Microsoft Edge, clique\u00a0<a href=\"https:\/\/support.microsoft.com\/pt-pt\/microsoft-edge\/eliminar-cookies-no-microsoft-edge-63947406-40ac-c3b8-57b9-2a946a29ae09\">aqui<\/a>;<br \/>-browser Safari, clique\u00a0<a href=\"https:\/\/support.apple.com\/pt-pt\/guide\/safari\/ibrw1069\/mac?locale=en_US\">aqui<\/a>.<br \/>-browser Opera, clique\u00a0<a href=\"https:\/\/help.opera.com\/en\/latest\/security-and-privacy\/#privateWindow\">aqui<\/a>.<\/p>\r\n<p>Desativar cookies atrav\u00e9s das defini\u00e7\u00f5es do seu browser pode ter um impacto no funcionamento dos Canais Digitais, uma vez que o painel de configura\u00e7\u00f5es da generalidade dos browsers modernos n\u00e3o oferece um n\u00edvel de detalhe que permita aos utilizadores afastar todos os cookies que n\u00e3o sejam estritamente necess\u00e1rios para permitir a utiliza\u00e7\u00e3o dos websites que visite. Nos equipamentos que ofere\u00e7am este tipo de funcionalidades, poder\u00e1 ter maior controlo sobre os seus cookies com recurso a extens\u00f5es gratuitas dispon\u00edveis online.<\/p>\r\n<h3>Altera\u00e7\u00f5es \u00e0 Pol\u00edtica de Cookies<\/h3>\r\n<p>A Cifial SA poder\u00e1, a todo o momento, sem aviso pr\u00e9vio e com efeitos imediatos, alterar, acrescentar ou revogar, parcial ou totalmente, a presente Pol\u00edtica de Cookies. Quaisquer altera\u00e7\u00f5es relevantes para o utilizador ser\u00e3o imediatamente divulgadas nos Canais Digitais, podendo aceder \u00e0 informa\u00e7\u00e3o e, consoante o tipo de cookie em causa, consentir na sua utiliza\u00e7\u00e3o.<\/p>\r\n<p>&nbsp;<\/p>\r\n<h3>Termos de utiliza\u00e7\u00e3o<\/h3>\r\n<p>1. Os conte\u00fados deste site est\u00e3o protegidos pela lei de direito de autoria e registo de marca comercial aplic\u00e1vel.<\/p>\r\n<p>2. As cores visualizadas s\u00e3o representativas, podendo ser diferentes da cor real.<\/p>\r\n<p>3. Todas as medidas dos desenhos t\u00e9cnicos est\u00e3o em mil\u00edmetros, salvo indica\u00e7\u00e3o em contr\u00e1rio ou lapso.<\/p>\r\n<p>4. A Cifial reserva o direito de proceder a altera\u00e7\u00f5es dos seus produtos, no sentido da sua melhoria, sem aviso pr\u00e9vio.<\/p>\r\n<p>5. Alguns acess\u00f3rios presentes nas imagens de ambientes n\u00e3o est\u00e3o dispon\u00edveis.<\/p>\r\n<p>6. Ao aceder ao site\u00a0<a href=\"https:\/\/www.cifial.pt\/fr\/\">Cifial S.A.<\/a>, concorda com os termos de utiliza\u00e7\u00e3o, todas as leis e regulamentos aplic\u00e1veis \u200b\u200be \u00e9 respons\u00e1vel pelo cumprimento das mesmas. Caso n\u00e3o concorde com algum desses termos, n\u00e3o deve aceder a este site.<\/p>\r\n<p><br \/><br \/>\u00daltima atualiza\u00e7\u00e3o: 15 de novembro de 2021<\/p>","protected":false},"excerpt":{"rendered":"<p>\u00a0 INTRODU\u00c7\u00c3O Esta Pol\u00edtica de Cookies explica como utilizamos as informa\u00e7\u00f5es recolhidas atrav\u00e9s de cookies e outras tecnologias de rastreio nos s\u00edtios eletr\u00f3nicos, compreendidos como canais digitais e propriedade da Cifial S.A.\u00a0 Estes canais digitais utilizam cookies n\u00e3o s\u00f3 para garantir que funcionam corretamente, como para lhe proporcionar uma melhor experi\u00eancia de navega\u00e7\u00e3o, permitir a [&hellip;]<\/p>\n","protected":false},"author":1,"featured_media":0,"parent":0,"menu_order":0,"comment_status":"closed","ping_status":"open","template":"","meta":{"_monsterinsights_skip_tracking":false,"_monsterinsights_sitenote_active":false,"_monsterinsights_sitenote_note":"","_monsterinsights_sitenote_category":0,"footnotes":""},"class_list":["post-28752","page","type-page","status-publish","hentry"],"yoast_head":"<!-- This site is optimized with the Yoast SEO plugin v27.3 - https:\/\/yoast.com\/product\/yoast-seo-wordpress\/ -->\n<title>Pol\u00edtica de privacidade - Cifial<\/title>\n<meta name=\"robots\" content=\"index, follow, max-snippet:-1, max-image-preview:large, max-video-preview:-1\" \/>\n<link rel=\"canonical\" href=\"https:\/\/www.cifial.pt\/fr\/politica-privacidade\/\" \/>\n<meta property=\"og:locale\" content=\"fr_FR\" \/>\n<meta property=\"og:type\" content=\"article\" \/>\n<meta property=\"og:title\" content=\"Pol\u00edtica de privacidade - Cifial\" \/>\n<meta property=\"og:description\" content=\"\u00a0 INTRODU\u00c7\u00c3O Esta Pol\u00edtica de Cookies explica como utilizamos as informa\u00e7\u00f5es recolhidas atrav\u00e9s de cookies e outras tecnologias de rastreio nos s\u00edtios eletr\u00f3nicos, compreendidos como canais digitais e propriedade da Cifial S.A.\u00a0 Estes canais digitais utilizam cookies n\u00e3o s\u00f3 para garantir que funcionam corretamente, como para lhe proporcionar uma melhor experi\u00eancia de navega\u00e7\u00e3o, permitir a [&hellip;]\" \/>\n<meta property=\"og:url\" content=\"https:\/\/www.cifial.pt\/fr\/politica-privacidade\/\" \/>\n<meta property=\"og:site_name\" content=\"Cifial\" \/>\n<meta property=\"article:publisher\" content=\"https:\/\/www.facebook.com\/Cifial.SA\/\" \/>\n<meta property=\"article:modified_time\" content=\"2025-05-22T16:41:58+00:00\" \/>\n<meta name=\"twitter:card\" content=\"summary_large_image\" \/>\n<meta name=\"twitter:label1\" content=\"Dur\u00e9e de lecture estim\u00e9e\" \/>\n\t<meta name=\"twitter:data1\" content=\"9 minutes\" \/>\n<script type=\"application\/ld+json\" class=\"yoast-schema-graph\">{\"@context\":\"https:\\\/\\\/schema.org\",\"@graph\":[{\"@type\":\"WebPage\",\"@id\":\"https:\\\/\\\/www.cifial.pt\\\/fr\\\/politica-privacidade\\\/\",\"url\":\"https:\\\/\\\/www.cifial.pt\\\/fr\\\/politica-privacidade\\\/\",\"name\":\"Pol\u00edtica de privacidade - Cifial\",\"isPartOf\":{\"@id\":\"https:\\\/\\\/www.cifial.pt\\\/#website\"},\"datePublished\":\"2024-12-30T09:46:41+00:00\",\"dateModified\":\"2025-05-22T16:41:58+00:00\",\"breadcrumb\":{\"@id\":\"https:\\\/\\\/www.cifial.pt\\\/fr\\\/politica-privacidade\\\/#breadcrumb\"},\"inLanguage\":\"fr-FR\",\"potentialAction\":[{\"@type\":\"ReadAction\",\"target\":[\"https:\\\/\\\/www.cifial.pt\\\/fr\\\/politica-privacidade\\\/\"]}]},{\"@type\":\"BreadcrumbList\",\"@id\":\"https:\\\/\\\/www.cifial.pt\\\/fr\\\/politica-privacidade\\\/#breadcrumb\",\"itemListElement\":[{\"@type\":\"ListItem\",\"position\":1,\"name\":\"In\u00edcio\",\"item\":\"https:\\\/\\\/www.cifial.pt\\\/fr\\\/\"},{\"@type\":\"ListItem\",\"position\":2,\"name\":\"Pol\u00edtica de privacidade\"}]},{\"@type\":\"WebSite\",\"@id\":\"https:\\\/\\\/www.cifial.pt\\\/#website\",\"url\":\"https:\\\/\\\/www.cifial.pt\\\/\",\"name\":\"Cifial\",\"description\":\"\",\"publisher\":{\"@id\":\"https:\\\/\\\/www.cifial.pt\\\/#organization\"},\"potentialAction\":[{\"@type\":\"SearchAction\",\"target\":{\"@type\":\"EntryPoint\",\"urlTemplate\":\"https:\\\/\\\/www.cifial.pt\\\/?s={search_term_string}\"},\"query-input\":{\"@type\":\"PropertyValueSpecification\",\"valueRequired\":true,\"valueName\":\"search_term_string\"}}],\"inLanguage\":\"fr-FR\"},{\"@type\":\"Organization\",\"@id\":\"https:\\\/\\\/www.cifial.pt\\\/#organization\",\"name\":\"Cifial\",\"url\":\"https:\\\/\\\/www.cifial.pt\\\/\",\"logo\":{\"@type\":\"ImageObject\",\"inLanguage\":\"fr-FR\",\"@id\":\"https:\\\/\\\/www.cifial.pt\\\/#\\\/schema\\\/logo\\\/image\\\/\",\"url\":\"https:\\\/\\\/www.cifial.pt\\\/wp-content\\\/uploads\\\/2024\\\/12\\\/cropped-logo_cifial_240x37.png\",\"contentUrl\":\"https:\\\/\\\/www.cifial.pt\\\/wp-content\\\/uploads\\\/2024\\\/12\\\/cropped-logo_cifial_240x37.png\",\"width\":150,\"height\":65,\"caption\":\"Cifial\"},\"image\":{\"@id\":\"https:\\\/\\\/www.cifial.pt\\\/#\\\/schema\\\/logo\\\/image\\\/\"},\"sameAs\":[\"https:\\\/\\\/www.facebook.com\\\/Cifial.SA\\\/\",\"https:\\\/\\\/www.instagram.com\\\/cifial_sa\\\/\",\"https:\\\/\\\/www.linkedin.com\\\/company\\\/cifial\\\/\"]}]}<\/script>\n<!-- \/ Yoast SEO plugin. -->","yoast_head_json":{"title":"Pol\u00edtica de privacidade - Cifial","robots":{"index":"index","follow":"follow","max-snippet":"max-snippet:-1","max-image-preview":"max-image-preview:large","max-video-preview":"max-video-preview:-1"},"canonical":"https:\/\/www.cifial.pt\/fr\/politica-privacidade\/","og_locale":"fr_FR","og_type":"article","og_title":"Pol\u00edtica de privacidade - Cifial","og_description":"\u00a0 INTRODU\u00c7\u00c3O Esta Pol\u00edtica de Cookies explica como utilizamos as informa\u00e7\u00f5es recolhidas atrav\u00e9s de cookies e outras tecnologias de rastreio nos s\u00edtios eletr\u00f3nicos, compreendidos como canais digitais e propriedade da Cifial S.A.\u00a0 Estes canais digitais utilizam cookies n\u00e3o s\u00f3 para garantir que funcionam corretamente, como para lhe proporcionar uma melhor experi\u00eancia de navega\u00e7\u00e3o, permitir a [&hellip;]","og_url":"https:\/\/www.cifial.pt\/fr\/politica-privacidade\/","og_site_name":"Cifial","article_publisher":"https:\/\/www.facebook.com\/Cifial.SA\/","article_modified_time":"2025-05-22T16:41:58+00:00","twitter_card":"summary_large_image","twitter_misc":{"Dur\u00e9e de lecture estim\u00e9e":"9 minutes"},"schema":{"@context":"https:\/\/schema.org","@graph":[{"@type":"WebPage","@id":"https:\/\/www.cifial.pt\/fr\/politica-privacidade\/","url":"https:\/\/www.cifial.pt\/fr\/politica-privacidade\/","name":"Pol\u00edtica de privacidade - Cifial","isPartOf":{"@id":"https:\/\/www.cifial.pt\/#website"},"datePublished":"2024-12-30T09:46:41+00:00","dateModified":"2025-05-22T16:41:58+00:00","breadcrumb":{"@id":"https:\/\/www.cifial.pt\/fr\/politica-privacidade\/#breadcrumb"},"inLanguage":"fr-FR","potentialAction":[{"@type":"ReadAction","target":["https:\/\/www.cifial.pt\/fr\/politica-privacidade\/"]}]},{"@type":"BreadcrumbList","@id":"https:\/\/www.cifial.pt\/fr\/politica-privacidade\/#breadcrumb","itemListElement":[{"@type":"ListItem","position":1,"name":"In\u00edcio","item":"https:\/\/www.cifial.pt\/fr\/"},{"@type":"ListItem","position":2,"name":"Pol\u00edtica de privacidade"}]},{"@type":"WebSite","@id":"https:\/\/www.cifial.pt\/#website","url":"https:\/\/www.cifial.pt\/","name":"Cifial","description":"","publisher":{"@id":"https:\/\/www.cifial.pt\/#organization"},"potentialAction":[{"@type":"SearchAction","target":{"@type":"EntryPoint","urlTemplate":"https:\/\/www.cifial.pt\/?s={search_term_string}"},"query-input":{"@type":"PropertyValueSpecification","valueRequired":true,"valueName":"search_term_string"}}],"inLanguage":"fr-FR"},{"@type":"Organization","@id":"https:\/\/www.cifial.pt\/#organization","name":"Cifial","url":"https:\/\/www.cifial.pt\/","logo":{"@type":"ImageObject","inLanguage":"fr-FR","@id":"https:\/\/www.cifial.pt\/#\/schema\/logo\/image\/","url":"https:\/\/www.cifial.pt\/wp-content\/uploads\/2024\/12\/cropped-logo_cifial_240x37.png","contentUrl":"https:\/\/www.cifial.pt\/wp-content\/uploads\/2024\/12\/cropped-logo_cifial_240x37.png","width":150,"height":65,"caption":"Cifial"},"image":{"@id":"https:\/\/www.cifial.pt\/#\/schema\/logo\/image\/"},"sameAs":["https:\/\/www.facebook.com\/Cifial.SA\/","https:\/\/www.instagram.com\/cifial_sa\/","https:\/\/www.linkedin.com\/company\/cifial\/"]}]}},"_links":{"self":[{"href":"https:\/\/www.cifial.pt\/fr\/wp-json\/wp\/v2\/pages\/28752","targetHints":{"allow":["GET"]}}],"collection":[{"href":"https:\/\/www.cifial.pt\/fr\/wp-json\/wp\/v2\/pages"}],"about":[{"href":"https:\/\/www.cifial.pt\/fr\/wp-json\/wp\/v2\/types\/page"}],"author":[{"embeddable":true,"href":"https:\/\/www.cifial.pt\/fr\/wp-json\/wp\/v2\/users\/1"}],"replies":[{"embeddable":true,"href":"https:\/\/www.cifial.pt\/fr\/wp-json\/wp\/v2\/comments?post=28752"}],"version-history":[{"count":1,"href":"https:\/\/www.cifial.pt\/fr\/wp-json\/wp\/v2\/pages\/28752\/revisions"}],"predecessor-version":[{"id":28772,"href":"https:\/\/www.cifial.pt\/fr\/wp-json\/wp\/v2\/pages\/28752\/revisions\/28772"}],"wp:attachment":[{"href":"https:\/\/www.cifial.pt\/fr\/wp-json\/wp\/v2\/media?parent=28752"}],"curies":[{"name":"wp","href":"https:\/\/api.w.org\/{rel}","templated":true}]}}