{"id":935,"date":"2025-02-05T11:46:49","date_gmt":"2025-02-05T11:46:49","guid":{"rendered":"https:\/\/www.cifial.pt\/certificacoes\/"},"modified":"2025-03-25T15:47:08","modified_gmt":"2025-03-25T15:47:08","slug":"certificacoes","status":"publish","type":"page","link":"https:\/\/www.cifial.pt\/fr\/certificacoes\/","title":{"rendered":"Qualidade"},"content":{"rendered":"<p>[vc_row css_animation=\u00a0\u00bbfadeIn\u00a0\u00bb el_class=\u00a0\u00bbaparencia-inicio qualidade\u00a0\u00bb][vc_column][vc_column_text el_class=\u00a0\u00bbtexto-descritivo-pagina\u00a0\u00bb]<\/p>\n<p style=\"text-align: left;\"><span style=\"font-weight: 400;\">A Gest\u00e3o da Qualidade \u00e9 gerida de acordo com os requisitos da NP EN ISO 9001, que privilegia a satisfa\u00e7\u00e3o das expetativas do cliente. Os produtos Cifial cumprem todos os requisitos de exig\u00eancia para os seus mercados de atua\u00e7\u00e3o, bem como as normativas internacionais relativas \u00e0s distintas \u00e1reas de neg\u00f3cio.<\/span><\/p>\n<p style=\"text-align: left;\"><span style=\"font-weight: 400;\">\u00a0\u00a0Na ind\u00fastria metalomec\u00e2nica, a Cifial est\u00e1 equipada com laborat\u00f3rios f\u00edsico-qu\u00edmicos, de espectrometria e de ensaios mec\u00e2nicos. S\u00e3o realizados sistematicamente ensaios no lan\u00e7amento de produtos novos e de acompanhamento ao processo de fabrico.\u00a0<\/span><\/p>\n<p style=\"text-align: left;\"><span style=\"font-weight: 400;\">\u00a0\u00a0A Cifial garante o cumprimento dos referenciais normativos europeus e americanos, dando resposta \u00e0s necessidades mais exigentes dos clientes atrav\u00e9s de realiza\u00e7\u00e3o de ensaios normalizados:<\/span><\/p>\n<p style=\"text-align: left;\">Os produtos CIFIAL cumprem todos os requisitos de exig\u00eancia para os seus mercados de atua\u00e7\u00e3o, bem como as normativas internacionais relativas \u00e0s distintas \u00e1reas de neg\u00f3cio.<\/p>\n<ul>\n<li><span style=\"font-weight: 400;\"> Ensaios de corros\u00e3o;<\/span><\/li>\n<li><span style=\"font-weight: 400;\"> Resist\u00eancia qu\u00edmica;<\/span><\/li>\n<li><span style=\"font-weight: 400;\"> Ensaios de ades\u00e3o;<\/span><\/li>\n<li><span style=\"font-weight: 400;\"> Ensaios de abras\u00e3o;<\/span><\/li>\n<li><span style=\"font-weight: 400;\"> Espessura de revestimento;<\/span><\/li>\n<li><span style=\"font-weight: 400;\"> Ensaios de produto: hidr\u00e1ulicos.<\/span><\/li>\n<\/ul>\n<p>&nbsp;<\/p>\n<p><span style=\"font-weight: 400;\">\u00a0\u00a0Na Ind\u00fastria Cer\u00e2mica, a Cifial est\u00e1 equipada com os laborat\u00f3rios de Cer\u00e2mica e de Produto, nos quais s\u00e3o permanentemente elaborados ensaios que garantem a qualidade e o cumprimento das normas:<\/span><\/p>\n<ul>\n<li><span style=\"font-weight: 400;\"> Determina\u00e7\u00e3o da absor\u00e7\u00e3o de \u00e1gua;<\/span><\/li>\n<li><span style=\"font-weight: 400;\"> Resist\u00eancia aos \u00e1cidos, agentes qu\u00edmicos e alcalis;<\/span><\/li>\n<li><span style=\"font-weight: 400;\"> Resist\u00eancia \u00e0s manchas;<\/span><\/li>\n<li><span style=\"font-weight: 400;\"> Determina\u00e7\u00e3o dimensional da lou\u00e7a sanit\u00e1ria;<\/span><\/li>\n<li><span style=\"font-weight: 400;\"> Carga est\u00e1tica a lou\u00e7a sanit\u00e1ria;<\/span><\/li>\n<li><span style=\"font-weight: 400;\"> Ensaios funcionais a lou\u00e7a sanit\u00e1ria;<\/span><\/li>\n<li><span style=\"font-weight: 400;\"> Ensaios din\u00e2micos de desempenho.<\/span><\/li>\n<\/ul>\n<p>[\/vc_column_text][vc_column_text el_class=\u00a0\u00bbpes-especiais\u00a0\u00bb]<div class=\"custom-download-buttons\"><div class=\"download-button botao-todos\"><a class=\"main-button\">Declara\u00e7\u00f5es de Desempenho<\/a><div class=\"dropdown\"><\/div><\/div><div class=\"download-button botao-todos\"><a class=\"main-button\">Certificados de Qualidade<\/a><div class=\"dropdown\"><\/div><\/div><\/div>[\/vc_column_text][\/vc_column][\/vc_row]<\/p>\n","protected":false},"excerpt":{"rendered":"<p>[vc_row css_animation=\u00a0\u00bbfadeIn\u00a0\u00bb el_class=\u00a0\u00bbaparencia-inicio qualidade\u00a0\u00bb][vc_column][vc_column_text el_class=\u00a0\u00bbtexto-descritivo-pagina\u00a0\u00bb] A Gest\u00e3o da Qualidade \u00e9 gerida de acordo com os requisitos da NP EN ISO 9001, que privilegia a satisfa\u00e7\u00e3o das expetativas do cliente. Os produtos Cifial cumprem todos os requisitos de exig\u00eancia para os seus mercados de atua\u00e7\u00e3o, bem como as normativas internacionais relativas \u00e0s distintas \u00e1reas de neg\u00f3cio. [&hellip;]<\/p>\n","protected":false},"author":1,"featured_media":21332,"parent":0,"menu_order":0,"comment_status":"closed","ping_status":"closed","template":"","meta":{"_monsterinsights_skip_tracking":false,"_monsterinsights_sitenote_active":false,"_monsterinsights_sitenote_note":"","_monsterinsights_sitenote_category":0,"footnotes":""},"class_list":["post-935","page","type-page","status-publish","has-post-thumbnail","hentry"],"yoast_head":"<!-- This site is optimized with the Yoast SEO plugin v27.3 - https:\/\/yoast.com\/product\/yoast-seo-wordpress\/ -->\n<title>Qualidade - Cifial<\/title>\n<meta name=\"robots\" content=\"index, follow, max-snippet:-1, max-image-preview:large, max-video-preview:-1\" \/>\n<link rel=\"canonical\" href=\"https:\/\/www.cifial.pt\/fr\/certificacoes\/\" \/>\n<meta property=\"og:locale\" content=\"fr_FR\" \/>\n<meta property=\"og:type\" content=\"article\" \/>\n<meta property=\"og:title\" content=\"Qualidade - Cifial\" \/>\n<meta property=\"og:description\" content=\"[vc_row css_animation=\u00a0\u00bbfadeIn\u00a0\u00bb el_class=\u00a0\u00bbaparencia-inicio qualidade\u00a0\u00bb][vc_column][vc_column_text el_class=\u00a0\u00bbtexto-descritivo-pagina\u00a0\u00bb] A Gest\u00e3o da Qualidade \u00e9 gerida de acordo com os requisitos da NP EN ISO 9001, que privilegia a satisfa\u00e7\u00e3o das expetativas do cliente. Os produtos Cifial cumprem todos os requisitos de exig\u00eancia para os seus mercados de atua\u00e7\u00e3o, bem como as normativas internacionais relativas \u00e0s distintas \u00e1reas de neg\u00f3cio. [&hellip;]\" \/>\n<meta property=\"og:url\" content=\"https:\/\/www.cifial.pt\/fr\/certificacoes\/\" \/>\n<meta property=\"og:site_name\" content=\"Cifial\" \/>\n<meta property=\"article:publisher\" content=\"https:\/\/www.facebook.com\/Cifial.SA\/\" \/>\n<meta property=\"article:modified_time\" content=\"2025-03-25T15:47:08+00:00\" \/>\n<meta property=\"og:image\" content=\"https:\/\/www.cifial.pt\/wp-content\/uploads\/2025\/03\/Qualidade_bsnner.jpg\" \/>\n\t<meta property=\"og:image:width\" content=\"580\" \/>\n\t<meta property=\"og:image:height\" content=\"400\" \/>\n\t<meta property=\"og:image:type\" content=\"image\/jpeg\" \/>\n<meta name=\"twitter:card\" content=\"summary_large_image\" \/>\n<meta name=\"twitter:label1\" content=\"Dur\u00e9e de lecture estim\u00e9e\" \/>\n\t<meta name=\"twitter:data1\" content=\"1 minute\" \/>\n<script type=\"application\/ld+json\" class=\"yoast-schema-graph\">{\"@context\":\"https:\\\/\\\/schema.org\",\"@graph\":[{\"@type\":\"WebPage\",\"@id\":\"https:\\\/\\\/www.cifial.pt\\\/fr\\\/certificacoes\\\/\",\"url\":\"https:\\\/\\\/www.cifial.pt\\\/fr\\\/certificacoes\\\/\",\"name\":\"Qualidade - Cifial\",\"isPartOf\":{\"@id\":\"https:\\\/\\\/www.cifial.pt\\\/#website\"},\"primaryImageOfPage\":{\"@id\":\"https:\\\/\\\/www.cifial.pt\\\/fr\\\/certificacoes\\\/#primaryimage\"},\"image\":{\"@id\":\"https:\\\/\\\/www.cifial.pt\\\/fr\\\/certificacoes\\\/#primaryimage\"},\"thumbnailUrl\":\"https:\\\/\\\/www.cifial.pt\\\/wp-content\\\/uploads\\\/2025\\\/03\\\/Qualidade_bsnner.jpg\",\"datePublished\":\"2025-02-05T11:46:49+00:00\",\"dateModified\":\"2025-03-25T15:47:08+00:00\",\"breadcrumb\":{\"@id\":\"https:\\\/\\\/www.cifial.pt\\\/fr\\\/certificacoes\\\/#breadcrumb\"},\"inLanguage\":\"fr-FR\",\"potentialAction\":[{\"@type\":\"ReadAction\",\"target\":[\"https:\\\/\\\/www.cifial.pt\\\/fr\\\/certificacoes\\\/\"]}]},{\"@type\":\"ImageObject\",\"inLanguage\":\"fr-FR\",\"@id\":\"https:\\\/\\\/www.cifial.pt\\\/fr\\\/certificacoes\\\/#primaryimage\",\"url\":\"https:\\\/\\\/www.cifial.pt\\\/wp-content\\\/uploads\\\/2025\\\/03\\\/Qualidade_bsnner.jpg\",\"contentUrl\":\"https:\\\/\\\/www.cifial.pt\\\/wp-content\\\/uploads\\\/2025\\\/03\\\/Qualidade_bsnner.jpg\",\"width\":580,\"height\":400},{\"@type\":\"BreadcrumbList\",\"@id\":\"https:\\\/\\\/www.cifial.pt\\\/fr\\\/certificacoes\\\/#breadcrumb\",\"itemListElement\":[{\"@type\":\"ListItem\",\"position\":1,\"name\":\"In\u00edcio\",\"item\":\"https:\\\/\\\/www.cifial.pt\\\/fr\\\/\"},{\"@type\":\"ListItem\",\"position\":2,\"name\":\"Qualidade\"}]},{\"@type\":\"WebSite\",\"@id\":\"https:\\\/\\\/www.cifial.pt\\\/#website\",\"url\":\"https:\\\/\\\/www.cifial.pt\\\/\",\"name\":\"Cifial\",\"description\":\"\",\"publisher\":{\"@id\":\"https:\\\/\\\/www.cifial.pt\\\/#organization\"},\"potentialAction\":[{\"@type\":\"SearchAction\",\"target\":{\"@type\":\"EntryPoint\",\"urlTemplate\":\"https:\\\/\\\/www.cifial.pt\\\/?s={search_term_string}\"},\"query-input\":{\"@type\":\"PropertyValueSpecification\",\"valueRequired\":true,\"valueName\":\"search_term_string\"}}],\"inLanguage\":\"fr-FR\"},{\"@type\":\"Organization\",\"@id\":\"https:\\\/\\\/www.cifial.pt\\\/#organization\",\"name\":\"Cifial\",\"url\":\"https:\\\/\\\/www.cifial.pt\\\/\",\"logo\":{\"@type\":\"ImageObject\",\"inLanguage\":\"fr-FR\",\"@id\":\"https:\\\/\\\/www.cifial.pt\\\/#\\\/schema\\\/logo\\\/image\\\/\",\"url\":\"https:\\\/\\\/www.cifial.pt\\\/wp-content\\\/uploads\\\/2024\\\/12\\\/cropped-logo_cifial_240x37.png\",\"contentUrl\":\"https:\\\/\\\/www.cifial.pt\\\/wp-content\\\/uploads\\\/2024\\\/12\\\/cropped-logo_cifial_240x37.png\",\"width\":150,\"height\":65,\"caption\":\"Cifial\"},\"image\":{\"@id\":\"https:\\\/\\\/www.cifial.pt\\\/#\\\/schema\\\/logo\\\/image\\\/\"},\"sameAs\":[\"https:\\\/\\\/www.facebook.com\\\/Cifial.SA\\\/\",\"https:\\\/\\\/www.instagram.com\\\/cifial_sa\\\/\",\"https:\\\/\\\/www.linkedin.com\\\/company\\\/cifial\\\/\"]}]}<\/script>\n<!-- \/ Yoast SEO plugin. -->","yoast_head_json":{"title":"Qualidade - Cifial","robots":{"index":"index","follow":"follow","max-snippet":"max-snippet:-1","max-image-preview":"max-image-preview:large","max-video-preview":"max-video-preview:-1"},"canonical":"https:\/\/www.cifial.pt\/fr\/certificacoes\/","og_locale":"fr_FR","og_type":"article","og_title":"Qualidade - Cifial","og_description":"[vc_row css_animation=\u00a0\u00bbfadeIn\u00a0\u00bb el_class=\u00a0\u00bbaparencia-inicio qualidade\u00a0\u00bb][vc_column][vc_column_text el_class=\u00a0\u00bbtexto-descritivo-pagina\u00a0\u00bb] A Gest\u00e3o da Qualidade \u00e9 gerida de acordo com os requisitos da NP EN ISO 9001, que privilegia a satisfa\u00e7\u00e3o das expetativas do cliente. Os produtos Cifial cumprem todos os requisitos de exig\u00eancia para os seus mercados de atua\u00e7\u00e3o, bem como as normativas internacionais relativas \u00e0s distintas \u00e1reas de neg\u00f3cio. [&hellip;]","og_url":"https:\/\/www.cifial.pt\/fr\/certificacoes\/","og_site_name":"Cifial","article_publisher":"https:\/\/www.facebook.com\/Cifial.SA\/","article_modified_time":"2025-03-25T15:47:08+00:00","og_image":[{"width":580,"height":400,"url":"https:\/\/www.cifial.pt\/wp-content\/uploads\/2025\/03\/Qualidade_bsnner.jpg","type":"image\/jpeg"}],"twitter_card":"summary_large_image","twitter_misc":{"Dur\u00e9e de lecture estim\u00e9e":"1 minute"},"schema":{"@context":"https:\/\/schema.org","@graph":[{"@type":"WebPage","@id":"https:\/\/www.cifial.pt\/fr\/certificacoes\/","url":"https:\/\/www.cifial.pt\/fr\/certificacoes\/","name":"Qualidade - Cifial","isPartOf":{"@id":"https:\/\/www.cifial.pt\/#website"},"primaryImageOfPage":{"@id":"https:\/\/www.cifial.pt\/fr\/certificacoes\/#primaryimage"},"image":{"@id":"https:\/\/www.cifial.pt\/fr\/certificacoes\/#primaryimage"},"thumbnailUrl":"https:\/\/www.cifial.pt\/wp-content\/uploads\/2025\/03\/Qualidade_bsnner.jpg","datePublished":"2025-02-05T11:46:49+00:00","dateModified":"2025-03-25T15:47:08+00:00","breadcrumb":{"@id":"https:\/\/www.cifial.pt\/fr\/certificacoes\/#breadcrumb"},"inLanguage":"fr-FR","potentialAction":[{"@type":"ReadAction","target":["https:\/\/www.cifial.pt\/fr\/certificacoes\/"]}]},{"@type":"ImageObject","inLanguage":"fr-FR","@id":"https:\/\/www.cifial.pt\/fr\/certificacoes\/#primaryimage","url":"https:\/\/www.cifial.pt\/wp-content\/uploads\/2025\/03\/Qualidade_bsnner.jpg","contentUrl":"https:\/\/www.cifial.pt\/wp-content\/uploads\/2025\/03\/Qualidade_bsnner.jpg","width":580,"height":400},{"@type":"BreadcrumbList","@id":"https:\/\/www.cifial.pt\/fr\/certificacoes\/#breadcrumb","itemListElement":[{"@type":"ListItem","position":1,"name":"In\u00edcio","item":"https:\/\/www.cifial.pt\/fr\/"},{"@type":"ListItem","position":2,"name":"Qualidade"}]},{"@type":"WebSite","@id":"https:\/\/www.cifial.pt\/#website","url":"https:\/\/www.cifial.pt\/","name":"Cifial","description":"","publisher":{"@id":"https:\/\/www.cifial.pt\/#organization"},"potentialAction":[{"@type":"SearchAction","target":{"@type":"EntryPoint","urlTemplate":"https:\/\/www.cifial.pt\/?s={search_term_string}"},"query-input":{"@type":"PropertyValueSpecification","valueRequired":true,"valueName":"search_term_string"}}],"inLanguage":"fr-FR"},{"@type":"Organization","@id":"https:\/\/www.cifial.pt\/#organization","name":"Cifial","url":"https:\/\/www.cifial.pt\/","logo":{"@type":"ImageObject","inLanguage":"fr-FR","@id":"https:\/\/www.cifial.pt\/#\/schema\/logo\/image\/","url":"https:\/\/www.cifial.pt\/wp-content\/uploads\/2024\/12\/cropped-logo_cifial_240x37.png","contentUrl":"https:\/\/www.cifial.pt\/wp-content\/uploads\/2024\/12\/cropped-logo_cifial_240x37.png","width":150,"height":65,"caption":"Cifial"},"image":{"@id":"https:\/\/www.cifial.pt\/#\/schema\/logo\/image\/"},"sameAs":["https:\/\/www.facebook.com\/Cifial.SA\/","https:\/\/www.instagram.com\/cifial_sa\/","https:\/\/www.linkedin.com\/company\/cifial\/"]}]}},"_links":{"self":[{"href":"https:\/\/www.cifial.pt\/fr\/wp-json\/wp\/v2\/pages\/935","targetHints":{"allow":["GET"]}}],"collection":[{"href":"https:\/\/www.cifial.pt\/fr\/wp-json\/wp\/v2\/pages"}],"about":[{"href":"https:\/\/www.cifial.pt\/fr\/wp-json\/wp\/v2\/types\/page"}],"author":[{"embeddable":true,"href":"https:\/\/www.cifial.pt\/fr\/wp-json\/wp\/v2\/users\/1"}],"replies":[{"embeddable":true,"href":"https:\/\/www.cifial.pt\/fr\/wp-json\/wp\/v2\/comments?post=935"}],"version-history":[{"count":0,"href":"https:\/\/www.cifial.pt\/fr\/wp-json\/wp\/v2\/pages\/935\/revisions"}],"wp:featuredmedia":[{"embeddable":true,"href":"https:\/\/www.cifial.pt\/fr\/wp-json\/wp\/v2\/media\/21332"}],"wp:attachment":[{"href":"https:\/\/www.cifial.pt\/fr\/wp-json\/wp\/v2\/media?parent=935"}],"curies":[{"name":"wp","href":"https:\/\/api.w.org\/{rel}","templated":true}]}}