{"id":979,"date":"2025-02-05T10:48:59","date_gmt":"2025-02-05T10:48:59","guid":{"rendered":"https:\/\/www.cifial.pt\/producao\/"},"modified":"2025-09-02T08:42:23","modified_gmt":"2025-09-02T08:42:23","slug":"producao","status":"publish","type":"page","link":"https:\/\/www.cifial.pt\/fr\/producao\/","title":{"rendered":"Produ\u00e7\u00e3o"},"content":{"rendered":"<p>[vc_row css_animation=\u00a0\u00bbfadeIn\u00a0\u00bb el_class=\u00a0\u00bbcomeca-switch\u00a0\u00bb][vc_column][vc_column_text el_class=\u00a0\u00bbtexto-descritivo-pagina texto-descritivo\u00a0\u00bb]<span style=\"font-weight: 400;\">Na CIFIAL, acreditamos que o nosso crescimento e sucesso, tanto a n\u00edvel nacional como internacional, resultam de uma filosofia assente na melhoria cont\u00ednua e no compromisso inabal\u00e1vel com a satisfa\u00e7\u00e3o total do cliente.<\/span><\/p>\n<p><span style=\"font-weight: 400;\">Assumimos um controlo rigoroso em todas as fases do processo industrial, desde a conce\u00e7\u00e3o do produto at\u00e9 \u00e0 produ\u00e7\u00e3o, passando pelo acompanhamento meticuloso da qualidade e pelo servi\u00e7o direto ao mercado. S\u00f3 assim garantimos os mais elevados padr\u00f5es de excel\u00eancia que nos distinguem h\u00e1 d\u00e9cadas.<\/span><\/p>\n<p><span style=\"font-weight: 400;\">Com um portef\u00f3lio abrangente que inclui torneiras, sanit\u00e1rios, m\u00f3veis, bases de duche e banheiras, a CIFIAL combina inova\u00e7\u00e3o, design e funcionalidade para criar solu\u00e7\u00f5es que elevam a experi\u00eancia no espa\u00e7o de banho.<\/span>[\/vc_column_text][vc_row_inner css=\u00a0\u00bb.vc_custom_1742300936637{margin-bottom: 100px !important;}\u00a0\u00bb][vc_column_inner width=\u00a0\u00bb1\/5&Prime;][vc_single_image image=\u00a0\u00bb21401&Prime; img_size=\u00a0\u00bbfull\u00a0\u00bb alignment=\u00a0\u00bbcenter\u00a0\u00bb][\/vc_column_inner][vc_column_inner width=\u00a0\u00bb1\/5&Prime;][vc_single_image image=\u00a0\u00bb21407&Prime; img_size=\u00a0\u00bbfull\u00a0\u00bb alignment=\u00a0\u00bbcenter\u00a0\u00bb][\/vc_column_inner][vc_column_inner width=\u00a0\u00bb1\/5&Prime;][vc_single_image image=\u00a0\u00bb21412&Prime; img_size=\u00a0\u00bbfull\u00a0\u00bb alignment=\u00a0\u00bbcenter\u00a0\u00bb][\/vc_column_inner][vc_column_inner width=\u00a0\u00bb1\/5&Prime;][vc_single_image image=\u00a0\u00bb21422&Prime; img_size=\u00a0\u00bbfull\u00a0\u00bb alignment=\u00a0\u00bbcenter\u00a0\u00bb][\/vc_column_inner][vc_column_inner width=\u00a0\u00bb1\/5&Prime;][vc_single_image image=\u00a0\u00bb21427&Prime; img_size=\u00a0\u00bbfull\u00a0\u00bb alignment=\u00a0\u00bbcenter\u00a0\u00bb][\/vc_column_inner][\/vc_row_inner][\/vc_column][\/vc_row]<\/p>\n","protected":false},"excerpt":{"rendered":"<p>[vc_row css_animation=\u00a0\u00bbfadeIn\u00a0\u00bb el_class=\u00a0\u00bbcomeca-switch\u00a0\u00bb][vc_column][vc_column_text el_class=\u00a0\u00bbtexto-descritivo-pagina texto-descritivo\u00a0\u00bb]Na CIFIAL, acreditamos que o nosso crescimento e sucesso, tanto a n\u00edvel nacional como internacional, resultam de uma filosofia assente na melhoria cont\u00ednua e no compromisso inabal\u00e1vel com a satisfa\u00e7\u00e3o total do cliente. Assumimos um controlo rigoroso em todas as fases do processo industrial, desde a conce\u00e7\u00e3o do produto at\u00e9 \u00e0 [&hellip;]<\/p>\n","protected":false},"author":1,"featured_media":776,"parent":0,"menu_order":0,"comment_status":"closed","ping_status":"closed","template":"","meta":{"_monsterinsights_skip_tracking":false,"_monsterinsights_sitenote_active":false,"_monsterinsights_sitenote_note":"","_monsterinsights_sitenote_category":0,"footnotes":""},"class_list":["post-979","page","type-page","status-publish","has-post-thumbnail","hentry"],"yoast_head":"<!-- This site is optimized with the Yoast SEO plugin v27.3 - https:\/\/yoast.com\/product\/yoast-seo-wordpress\/ -->\n<title>Produ\u00e7\u00e3o - Cifial<\/title>\n<meta name=\"robots\" content=\"index, follow, max-snippet:-1, max-image-preview:large, max-video-preview:-1\" \/>\n<link rel=\"canonical\" href=\"https:\/\/www.cifial.pt\/fr\/producao\/\" \/>\n<meta property=\"og:locale\" content=\"fr_FR\" \/>\n<meta property=\"og:type\" content=\"article\" \/>\n<meta property=\"og:title\" content=\"Produ\u00e7\u00e3o - Cifial\" \/>\n<meta property=\"og:description\" content=\"[vc_row css_animation=\u00a0\u00bbfadeIn\u00a0\u00bb el_class=\u00a0\u00bbcomeca-switch\u00a0\u00bb][vc_column][vc_column_text el_class=\u00a0\u00bbtexto-descritivo-pagina texto-descritivo\u00a0\u00bb]Na CIFIAL, acreditamos que o nosso crescimento e sucesso, tanto a n\u00edvel nacional como internacional, resultam de uma filosofia assente na melhoria cont\u00ednua e no compromisso inabal\u00e1vel com a satisfa\u00e7\u00e3o total do cliente. Assumimos um controlo rigoroso em todas as fases do processo industrial, desde a conce\u00e7\u00e3o do produto at\u00e9 \u00e0 [&hellip;]\" \/>\n<meta property=\"og:url\" content=\"https:\/\/www.cifial.pt\/fr\/producao\/\" \/>\n<meta property=\"og:site_name\" content=\"Cifial\" \/>\n<meta property=\"article:publisher\" content=\"https:\/\/www.facebook.com\/Cifial.SA\/\" \/>\n<meta property=\"article:modified_time\" content=\"2025-09-02T08:42:23+00:00\" \/>\n<meta property=\"og:image\" content=\"https:\/\/www.cifial.pt\/wp-content\/uploads\/2025\/02\/Mask-Group-15_1.png\" \/>\n\t<meta property=\"og:image:width\" content=\"1080\" \/>\n\t<meta property=\"og:image:height\" content=\"487\" \/>\n\t<meta property=\"og:image:type\" content=\"image\/png\" \/>\n<meta name=\"twitter:card\" content=\"summary_large_image\" \/>\n<meta name=\"twitter:label1\" content=\"Dur\u00e9e de lecture estim\u00e9e\" \/>\n\t<meta name=\"twitter:data1\" content=\"1 minute\" \/>\n<script type=\"application\/ld+json\" class=\"yoast-schema-graph\">{\"@context\":\"https:\\\/\\\/schema.org\",\"@graph\":[{\"@type\":\"WebPage\",\"@id\":\"https:\\\/\\\/www.cifial.pt\\\/fr\\\/producao\\\/\",\"url\":\"https:\\\/\\\/www.cifial.pt\\\/fr\\\/producao\\\/\",\"name\":\"Produ\u00e7\u00e3o - Cifial\",\"isPartOf\":{\"@id\":\"https:\\\/\\\/www.cifial.pt\\\/#website\"},\"primaryImageOfPage\":{\"@id\":\"https:\\\/\\\/www.cifial.pt\\\/fr\\\/producao\\\/#primaryimage\"},\"image\":{\"@id\":\"https:\\\/\\\/www.cifial.pt\\\/fr\\\/producao\\\/#primaryimage\"},\"thumbnailUrl\":\"https:\\\/\\\/www.cifial.pt\\\/wp-content\\\/uploads\\\/2025\\\/02\\\/Mask-Group-15_1.png\",\"datePublished\":\"2025-02-05T10:48:59+00:00\",\"dateModified\":\"2025-09-02T08:42:23+00:00\",\"breadcrumb\":{\"@id\":\"https:\\\/\\\/www.cifial.pt\\\/fr\\\/producao\\\/#breadcrumb\"},\"inLanguage\":\"fr-FR\",\"potentialAction\":[{\"@type\":\"ReadAction\",\"target\":[\"https:\\\/\\\/www.cifial.pt\\\/fr\\\/producao\\\/\"]}]},{\"@type\":\"ImageObject\",\"inLanguage\":\"fr-FR\",\"@id\":\"https:\\\/\\\/www.cifial.pt\\\/fr\\\/producao\\\/#primaryimage\",\"url\":\"https:\\\/\\\/www.cifial.pt\\\/wp-content\\\/uploads\\\/2025\\\/02\\\/Mask-Group-15_1.png\",\"contentUrl\":\"https:\\\/\\\/www.cifial.pt\\\/wp-content\\\/uploads\\\/2025\\\/02\\\/Mask-Group-15_1.png\",\"width\":1080,\"height\":487},{\"@type\":\"BreadcrumbList\",\"@id\":\"https:\\\/\\\/www.cifial.pt\\\/fr\\\/producao\\\/#breadcrumb\",\"itemListElement\":[{\"@type\":\"ListItem\",\"position\":1,\"name\":\"In\u00edcio\",\"item\":\"https:\\\/\\\/www.cifial.pt\\\/fr\\\/\"},{\"@type\":\"ListItem\",\"position\":2,\"name\":\"Produ\u00e7\u00e3o\"}]},{\"@type\":\"WebSite\",\"@id\":\"https:\\\/\\\/www.cifial.pt\\\/#website\",\"url\":\"https:\\\/\\\/www.cifial.pt\\\/\",\"name\":\"Cifial\",\"description\":\"\",\"publisher\":{\"@id\":\"https:\\\/\\\/www.cifial.pt\\\/#organization\"},\"potentialAction\":[{\"@type\":\"SearchAction\",\"target\":{\"@type\":\"EntryPoint\",\"urlTemplate\":\"https:\\\/\\\/www.cifial.pt\\\/?s={search_term_string}\"},\"query-input\":{\"@type\":\"PropertyValueSpecification\",\"valueRequired\":true,\"valueName\":\"search_term_string\"}}],\"inLanguage\":\"fr-FR\"},{\"@type\":\"Organization\",\"@id\":\"https:\\\/\\\/www.cifial.pt\\\/#organization\",\"name\":\"Cifial\",\"url\":\"https:\\\/\\\/www.cifial.pt\\\/\",\"logo\":{\"@type\":\"ImageObject\",\"inLanguage\":\"fr-FR\",\"@id\":\"https:\\\/\\\/www.cifial.pt\\\/#\\\/schema\\\/logo\\\/image\\\/\",\"url\":\"https:\\\/\\\/www.cifial.pt\\\/wp-content\\\/uploads\\\/2024\\\/12\\\/cropped-logo_cifial_240x37.png\",\"contentUrl\":\"https:\\\/\\\/www.cifial.pt\\\/wp-content\\\/uploads\\\/2024\\\/12\\\/cropped-logo_cifial_240x37.png\",\"width\":150,\"height\":65,\"caption\":\"Cifial\"},\"image\":{\"@id\":\"https:\\\/\\\/www.cifial.pt\\\/#\\\/schema\\\/logo\\\/image\\\/\"},\"sameAs\":[\"https:\\\/\\\/www.facebook.com\\\/Cifial.SA\\\/\",\"https:\\\/\\\/www.instagram.com\\\/cifial_sa\\\/\",\"https:\\\/\\\/www.linkedin.com\\\/company\\\/cifial\\\/\"]}]}<\/script>\n<!-- \/ Yoast SEO plugin. -->","yoast_head_json":{"title":"Produ\u00e7\u00e3o - Cifial","robots":{"index":"index","follow":"follow","max-snippet":"max-snippet:-1","max-image-preview":"max-image-preview:large","max-video-preview":"max-video-preview:-1"},"canonical":"https:\/\/www.cifial.pt\/fr\/producao\/","og_locale":"fr_FR","og_type":"article","og_title":"Produ\u00e7\u00e3o - Cifial","og_description":"[vc_row css_animation=\u00a0\u00bbfadeIn\u00a0\u00bb el_class=\u00a0\u00bbcomeca-switch\u00a0\u00bb][vc_column][vc_column_text el_class=\u00a0\u00bbtexto-descritivo-pagina texto-descritivo\u00a0\u00bb]Na CIFIAL, acreditamos que o nosso crescimento e sucesso, tanto a n\u00edvel nacional como internacional, resultam de uma filosofia assente na melhoria cont\u00ednua e no compromisso inabal\u00e1vel com a satisfa\u00e7\u00e3o total do cliente. Assumimos um controlo rigoroso em todas as fases do processo industrial, desde a conce\u00e7\u00e3o do produto at\u00e9 \u00e0 [&hellip;]","og_url":"https:\/\/www.cifial.pt\/fr\/producao\/","og_site_name":"Cifial","article_publisher":"https:\/\/www.facebook.com\/Cifial.SA\/","article_modified_time":"2025-09-02T08:42:23+00:00","og_image":[{"width":1080,"height":487,"url":"https:\/\/www.cifial.pt\/wp-content\/uploads\/2025\/02\/Mask-Group-15_1.png","type":"image\/png"}],"twitter_card":"summary_large_image","twitter_misc":{"Dur\u00e9e de lecture estim\u00e9e":"1 minute"},"schema":{"@context":"https:\/\/schema.org","@graph":[{"@type":"WebPage","@id":"https:\/\/www.cifial.pt\/fr\/producao\/","url":"https:\/\/www.cifial.pt\/fr\/producao\/","name":"Produ\u00e7\u00e3o - Cifial","isPartOf":{"@id":"https:\/\/www.cifial.pt\/#website"},"primaryImageOfPage":{"@id":"https:\/\/www.cifial.pt\/fr\/producao\/#primaryimage"},"image":{"@id":"https:\/\/www.cifial.pt\/fr\/producao\/#primaryimage"},"thumbnailUrl":"https:\/\/www.cifial.pt\/wp-content\/uploads\/2025\/02\/Mask-Group-15_1.png","datePublished":"2025-02-05T10:48:59+00:00","dateModified":"2025-09-02T08:42:23+00:00","breadcrumb":{"@id":"https:\/\/www.cifial.pt\/fr\/producao\/#breadcrumb"},"inLanguage":"fr-FR","potentialAction":[{"@type":"ReadAction","target":["https:\/\/www.cifial.pt\/fr\/producao\/"]}]},{"@type":"ImageObject","inLanguage":"fr-FR","@id":"https:\/\/www.cifial.pt\/fr\/producao\/#primaryimage","url":"https:\/\/www.cifial.pt\/wp-content\/uploads\/2025\/02\/Mask-Group-15_1.png","contentUrl":"https:\/\/www.cifial.pt\/wp-content\/uploads\/2025\/02\/Mask-Group-15_1.png","width":1080,"height":487},{"@type":"BreadcrumbList","@id":"https:\/\/www.cifial.pt\/fr\/producao\/#breadcrumb","itemListElement":[{"@type":"ListItem","position":1,"name":"In\u00edcio","item":"https:\/\/www.cifial.pt\/fr\/"},{"@type":"ListItem","position":2,"name":"Produ\u00e7\u00e3o"}]},{"@type":"WebSite","@id":"https:\/\/www.cifial.pt\/#website","url":"https:\/\/www.cifial.pt\/","name":"Cifial","description":"","publisher":{"@id":"https:\/\/www.cifial.pt\/#organization"},"potentialAction":[{"@type":"SearchAction","target":{"@type":"EntryPoint","urlTemplate":"https:\/\/www.cifial.pt\/?s={search_term_string}"},"query-input":{"@type":"PropertyValueSpecification","valueRequired":true,"valueName":"search_term_string"}}],"inLanguage":"fr-FR"},{"@type":"Organization","@id":"https:\/\/www.cifial.pt\/#organization","name":"Cifial","url":"https:\/\/www.cifial.pt\/","logo":{"@type":"ImageObject","inLanguage":"fr-FR","@id":"https:\/\/www.cifial.pt\/#\/schema\/logo\/image\/","url":"https:\/\/www.cifial.pt\/wp-content\/uploads\/2024\/12\/cropped-logo_cifial_240x37.png","contentUrl":"https:\/\/www.cifial.pt\/wp-content\/uploads\/2024\/12\/cropped-logo_cifial_240x37.png","width":150,"height":65,"caption":"Cifial"},"image":{"@id":"https:\/\/www.cifial.pt\/#\/schema\/logo\/image\/"},"sameAs":["https:\/\/www.facebook.com\/Cifial.SA\/","https:\/\/www.instagram.com\/cifial_sa\/","https:\/\/www.linkedin.com\/company\/cifial\/"]}]}},"_links":{"self":[{"href":"https:\/\/www.cifial.pt\/fr\/wp-json\/wp\/v2\/pages\/979","targetHints":{"allow":["GET"]}}],"collection":[{"href":"https:\/\/www.cifial.pt\/fr\/wp-json\/wp\/v2\/pages"}],"about":[{"href":"https:\/\/www.cifial.pt\/fr\/wp-json\/wp\/v2\/types\/page"}],"author":[{"embeddable":true,"href":"https:\/\/www.cifial.pt\/fr\/wp-json\/wp\/v2\/users\/1"}],"replies":[{"embeddable":true,"href":"https:\/\/www.cifial.pt\/fr\/wp-json\/wp\/v2\/comments?post=979"}],"version-history":[{"count":1,"href":"https:\/\/www.cifial.pt\/fr\/wp-json\/wp\/v2\/pages\/979\/revisions"}],"predecessor-version":[{"id":29059,"href":"https:\/\/www.cifial.pt\/fr\/wp-json\/wp\/v2\/pages\/979\/revisions\/29059"}],"wp:featuredmedia":[{"embeddable":true,"href":"https:\/\/www.cifial.pt\/fr\/wp-json\/wp\/v2\/media\/776"}],"wp:attachment":[{"href":"https:\/\/www.cifial.pt\/fr\/wp-json\/wp\/v2\/media?parent=979"}],"curies":[{"name":"wp","href":"https:\/\/api.w.org\/{rel}","templated":true}]}}