{"id":28740,"date":"2025-03-19T18:35:24","date_gmt":"2025-03-19T18:35:24","guid":{"rendered":"https:\/\/www.cifial.pt\/acabamentos\/"},"modified":"2025-06-04T09:42:10","modified_gmt":"2025-06-04T09:42:10","slug":"acabamentos","status":"publish","type":"page","link":"https:\/\/www.cifial.pt\/zh-hans\/acabamentos\/","title":{"rendered":"Acabamentos"},"content":{"rendered":"<p>[vc_row css_animation=&#8221;fadeIn&#8221; el_class=&#8221;comeca-switch&#8221;][vc_column][vc_column_text el_class=&#8221;texto-descritivo-pagina texto-descritivo&#8221;]<span data-contrast=\"auto\">Na CIFIAL, os acabamentos s\u00e3o mais do que um detalhe est\u00e9tico \u2013 s\u00e3o uma fus\u00e3o de tecnologia, prote\u00e7\u00e3o e design. Cada pe\u00e7a \u00e9 cuidadosamente trabalhada para garantir n\u00e3o apenas um visual sofisticado, mas tamb\u00e9m uma elevada resist\u00eancia ao uso di\u00e1rio, assegurando que os produtos mant\u00eam a sua beleza e funcionalidade ao longo dos anos.<\/span><span data-ccp-props=\"{}\">\u00a0<\/span><\/p>\n<p><span data-contrast=\"auto\">Combinamos processos de \u00faltima gera\u00e7\u00e3o com t\u00e9cnicas especializadas para desenvolver acabamentos de alta qualidade em torneiras, sanit\u00e1rios, bases de duche e m\u00f3veis. Desde as superf\u00edcies met\u00e1licas com revestimentos avan\u00e7ados at\u00e9 aos materiais cer\u00e2micos e comp\u00f3sitos, cada produto passa por um rigoroso controlo de qualidade para assegurar durabilidade e excel\u00eancia.<\/span><span data-ccp-props=\"{}\">\u00a0<\/span><\/p>\n<p>&nbsp;<\/p>\n<h6><b><span data-contrast=\"auto\">Torneiras e Acess\u00f3rios<\/span><\/b><span data-ccp-props=\"{}\">\u00a0<\/span><\/h6>\n<p><span data-contrast=\"auto\">A nossa experi\u00eancia no desenvolvimento de acabamentos para torneiras e acess\u00f3rios reflete-se numa vasta gama de op\u00e7\u00f5es, incluindo PVD (Physical Vapor Deposition), uma tecnologia inovadora que oferece cores sofisticadas com elevada resist\u00eancia a riscos, corros\u00e3o e impactos. Este processo n\u00e3o s\u00f3 melhora a durabilidade do produto, como tamb\u00e9m \u00e9 ecologicamente respons\u00e1vel, sem emiss\u00f5es de gases nocivos nem consumo de \u00e1gua.<\/span><span data-ccp-props=\"{}\">\u00a0<\/span>[\/vc_column_text][vc_row_inner css=&#8221;.vc_custom_1742300936637{margin-bottom: 100px !important;}&#8221;][vc_column_inner width=&#8221;1\/4&#8243;][\/vc_column_inner][vc_column_inner width=&#8221;1\/2&#8243;][vc_single_image image=&#8221;22546&#8243; img_size=&#8221;full&#8221; alignment=&#8221;center&#8221;][\/vc_column_inner][vc_column_inner width=&#8221;1\/4&#8243;][\/vc_column_inner][\/vc_row_inner][\/vc_column][\/vc_row][vc_row][vc_column][vc_column_text css=&#8221;.vc_custom_1744017342514{padding-bottom: 50px !important;}&#8221;]<\/p>\n<h6><b><span data-contrast=\"auto\">Sanit\u00e1rios<\/span><\/b><span data-ccp-props=\"{}\">\u00a0<\/span><\/h6>\n<p><span data-contrast=\"auto\">Os nossos sanit\u00e1rios destacam-se pela resist\u00eancia e facilidade de manuten\u00e7\u00e3o. Os revestimentos cer\u00e2micos avan\u00e7ados criam uma superf\u00edcie mais lisa e uniforme, reduzindo a acumula\u00e7\u00e3o de impurezas e facilitando a limpeza. Apostamos em solu\u00e7\u00f5es, tais como sistemas rimless, tornado e tampos clip-off, que aumentam a higiene e a durabilidade, assegurando que cada pe\u00e7a mant\u00e9m a sua est\u00e9tica impec\u00e1vel durante mais tempo.<\/span>[\/vc_column_text][vc_single_image image=&#8221;22551&#8243; img_size=&#8221;full&#8221;][vc_column_text el_class=&#8221;texto-descritivo-pagina texto-descritivo&#8221;]<\/p>\n<h6><b><span data-contrast=\"auto\">Bases de Duche<\/span><\/b><\/h6>\n<p><span data-contrast=\"auto\">As bases de duche CIFIAL combinam inova\u00e7\u00e3o e design para oferecer uma experi\u00eancia \u00fanica. Dispon\u00edveis numa variedade de texturas inspiradas em materiais naturais, como ard\u00f3sia, pedra ou microtextura suave, proporcionam n\u00e3o s\u00f3 um toque agrad\u00e1vel, mas tamb\u00e9m um efeito visual sofisticado que se integra perfeitamente em qualquer espa\u00e7o de banho.<\/span><span data-ccp-props=\"{}\">\u00a0<\/span><\/p>\n<p><span data-contrast=\"auto\">Cada textura \u00e9 desenvolvida para aliar conforto e funcionalidade, garantindo uma sensa\u00e7\u00e3o natural ao toque, sem comprometer a durabilidade e resist\u00eancia ao desgaste. A diversidade de acabamentos permite criar ambientes distintos, desde superf\u00edcies mais org\u00e2nicas e r\u00fasticas at\u00e9 op\u00e7\u00f5es minimalistas e contempor\u00e2neas.<\/span><span data-ccp-props=\"{}\">\u00a0<\/span><\/p>\n<p><span data-contrast=\"auto\">Al\u00e9m disso, cada base de duche \u00e9 projetada para ser resistente \u00e0 humidade e de f\u00e1cil manuten\u00e7\u00e3o, assegurando uma est\u00e9tica impec\u00e1vel ao longo do tempo. A aten\u00e7\u00e3o ao detalhe no desenvolvimento das texturas torna cada pe\u00e7a \u00fanica, real\u00e7ando o equil\u00edbrio entre design e conforto di\u00e1rio.<\/span>[\/vc_column_text][vc_single_image image=&#8221;22981&#8243; img_size=&#8221;full&#8221; alignment=&#8221;center&#8221;][vc_column_text el_class=&#8221;texto-descritivo-pagina texto-descritivo&#8221;]<\/p>\n<h6><b><span data-contrast=\"auto\">M\u00f3veis<\/span><\/b><span data-ccp-props=\"{}\">\u00a0<\/span><\/h6>\n<p><span data-contrast=\"auto\">Os m\u00f3veis de casa de banho CIFIAL s\u00e3o desenvolvidos com mat\u00e9rias-primas de elevada qualidade, garantindo resist\u00eancia \u00e0 humidade e durabilidade excecional. Utilizamos materiais certificados com PEFC\u2122 e tamb\u00e9m com materiais reciclados, reduzindo a emiss\u00e3o de CO<\/span><span data-contrast=\"auto\">2<\/span><span data-contrast=\"auto\">.<\/span><span data-ccp-props=\"{}\">\u00a0<\/span><\/p>\n<p><span data-contrast=\"auto\">Para as gamas premium, utilizamos Contraplacado Mar\u00edtimo folheado a madeira, um material robusto e altamente resistente \u00e0 \u00e1gua, ideal para ambientes h\u00famidos. Este tipo de constru\u00e7\u00e3o assegura uma longevidade superior, mantendo a eleg\u00e2ncia e a sofistica\u00e7\u00e3o ao longo do tempo.<\/span><span data-ccp-props=\"{}\">\u00a0<\/span><\/p>\n<p><span data-contrast=\"auto\">Nas op\u00e7\u00f5es mais acess\u00edveis, utilizamos superPan, um material amplamente utilizado na ind\u00fastria de mobili\u00e1rio de casa de banho. Composto por um n\u00facleo de aglomerado de part\u00edculas de madeira aglutinadas com resinas (UF) e faces em MDF, o superPan oferece uma superf\u00edcie homog\u00e9nea, resistente e de excelente qualidade. As nossas s\u00e9ries fabricadas em superPan de 16 mm est\u00e3o dispon\u00edveis com acabamentos em laminado ou lacado, proporcionando solu\u00e7\u00f5es vers\u00e1teis para diferentes estilos de casa de banho.<\/span><span data-ccp-props=\"{}\">\u00a0<\/span><\/p>\n<p><span data-contrast=\"auto\">A aposta em materiais cuidadosamente selecionados permite-nos desenvolver mobili\u00e1rio funcional, duradouro e com um design intemporal, adaptando-se \u00e0s necessidades do presente e \u00e0s exig\u00eancias do futuro.<\/span><b><span data-contrast=\"auto\">\u00a0<\/span><\/b><span data-ccp-props=\"{}\">\u00a0<\/span>[\/vc_column_text][vc_single_image image=&#8221;22566&#8243; img_size=&#8221;full&#8221; alignment=&#8221;center&#8221;][\/vc_column][\/vc_row]<\/p>\n","protected":false},"excerpt":{"rendered":"<p>[vc_row css_animation=&#8221;fadeIn&#8221; el_class=&#038;#8 [&hellip;]<\/p>\n","protected":false},"author":1,"featured_media":23732,"parent":0,"menu_order":0,"comment_status":"closed","ping_status":"closed","template":"","meta":{"_monsterinsights_skip_tracking":false,"_monsterinsights_sitenote_active":false,"_monsterinsights_sitenote_note":"","_monsterinsights_sitenote_category":0,"footnotes":""},"class_list":["post-28740","page","type-page","status-publish","has-post-thumbnail","hentry"],"yoast_head":"<!-- This site is optimized with the Yoast SEO plugin v27.3 - https:\/\/yoast.com\/product\/yoast-seo-wordpress\/ -->\n<title>Acabamentos - Cifial<\/title>\n<meta name=\"robots\" content=\"index, follow, max-snippet:-1, max-image-preview:large, max-video-preview:-1\" \/>\n<link rel=\"canonical\" href=\"https:\/\/www.cifial.pt\/zh-hans\/acabamentos\/\" \/>\n<meta property=\"og:locale\" content=\"zh_CN\" \/>\n<meta property=\"og:type\" content=\"article\" \/>\n<meta property=\"og:title\" content=\"Acabamentos - Cifial\" \/>\n<meta property=\"og:description\" content=\"[vc_row css_animation=&#8221;fadeIn&#8221; el_class=&amp;#8 [&hellip;]\" \/>\n<meta property=\"og:url\" content=\"https:\/\/www.cifial.pt\/zh-hans\/acabamentos\/\" \/>\n<meta property=\"og:site_name\" content=\"Cifial\" \/>\n<meta property=\"article:publisher\" content=\"https:\/\/www.facebook.com\/Cifial.SA\/\" \/>\n<meta property=\"article:modified_time\" content=\"2025-06-04T09:42:10+00:00\" \/>\n<meta property=\"og:image\" content=\"https:\/\/www.cifial.pt\/wp-content\/uploads\/2025\/04\/banner_Prancheta-1-scaled.jpg\" \/>\n\t<meta property=\"og:image:width\" content=\"2560\" \/>\n\t<meta property=\"og:image:height\" content=\"1154\" \/>\n\t<meta property=\"og:image:type\" content=\"image\/jpeg\" \/>\n<meta name=\"twitter:card\" content=\"summary_large_image\" \/>\n<meta name=\"twitter:label1\" content=\"\u9884\u8ba1\u9605\u8bfb\u65f6\u95f4\" \/>\n\t<meta name=\"twitter:data1\" content=\"4 \u5206\" \/>\n<script type=\"application\/ld+json\" class=\"yoast-schema-graph\">{\"@context\":\"https:\\\/\\\/schema.org\",\"@graph\":[{\"@type\":\"WebPage\",\"@id\":\"https:\\\/\\\/www.cifial.pt\\\/zh-hans\\\/acabamentos\\\/\",\"url\":\"https:\\\/\\\/www.cifial.pt\\\/zh-hans\\\/acabamentos\\\/\",\"name\":\"Acabamentos - Cifial\",\"isPartOf\":{\"@id\":\"https:\\\/\\\/www.cifial.pt\\\/#website\"},\"primaryImageOfPage\":{\"@id\":\"https:\\\/\\\/www.cifial.pt\\\/zh-hans\\\/acabamentos\\\/#primaryimage\"},\"image\":{\"@id\":\"https:\\\/\\\/www.cifial.pt\\\/zh-hans\\\/acabamentos\\\/#primaryimage\"},\"thumbnailUrl\":\"https:\\\/\\\/www.cifial.pt\\\/wp-content\\\/uploads\\\/2025\\\/04\\\/banner_Prancheta-1-scaled.jpg\",\"datePublished\":\"2025-03-19T18:35:24+00:00\",\"dateModified\":\"2025-06-04T09:42:10+00:00\",\"breadcrumb\":{\"@id\":\"https:\\\/\\\/www.cifial.pt\\\/zh-hans\\\/acabamentos\\\/#breadcrumb\"},\"inLanguage\":\"zh-Hans\",\"potentialAction\":[{\"@type\":\"ReadAction\",\"target\":[\"https:\\\/\\\/www.cifial.pt\\\/zh-hans\\\/acabamentos\\\/\"]}]},{\"@type\":\"ImageObject\",\"inLanguage\":\"zh-Hans\",\"@id\":\"https:\\\/\\\/www.cifial.pt\\\/zh-hans\\\/acabamentos\\\/#primaryimage\",\"url\":\"https:\\\/\\\/www.cifial.pt\\\/wp-content\\\/uploads\\\/2025\\\/04\\\/banner_Prancheta-1-scaled.jpg\",\"contentUrl\":\"https:\\\/\\\/www.cifial.pt\\\/wp-content\\\/uploads\\\/2025\\\/04\\\/banner_Prancheta-1-scaled.jpg\",\"width\":2560,\"height\":1154},{\"@type\":\"BreadcrumbList\",\"@id\":\"https:\\\/\\\/www.cifial.pt\\\/zh-hans\\\/acabamentos\\\/#breadcrumb\",\"itemListElement\":[{\"@type\":\"ListItem\",\"position\":1,\"name\":\"In\u00edcio\",\"item\":\"https:\\\/\\\/www.cifial.pt\\\/zh-hans\\\/\"},{\"@type\":\"ListItem\",\"position\":2,\"name\":\"Acabamentos\"}]},{\"@type\":\"WebSite\",\"@id\":\"https:\\\/\\\/www.cifial.pt\\\/#website\",\"url\":\"https:\\\/\\\/www.cifial.pt\\\/\",\"name\":\"Cifial\",\"description\":\"\",\"publisher\":{\"@id\":\"https:\\\/\\\/www.cifial.pt\\\/#organization\"},\"potentialAction\":[{\"@type\":\"SearchAction\",\"target\":{\"@type\":\"EntryPoint\",\"urlTemplate\":\"https:\\\/\\\/www.cifial.pt\\\/?s={search_term_string}\"},\"query-input\":{\"@type\":\"PropertyValueSpecification\",\"valueRequired\":true,\"valueName\":\"search_term_string\"}}],\"inLanguage\":\"zh-Hans\"},{\"@type\":\"Organization\",\"@id\":\"https:\\\/\\\/www.cifial.pt\\\/#organization\",\"name\":\"Cifial\",\"url\":\"https:\\\/\\\/www.cifial.pt\\\/\",\"logo\":{\"@type\":\"ImageObject\",\"inLanguage\":\"zh-Hans\",\"@id\":\"https:\\\/\\\/www.cifial.pt\\\/#\\\/schema\\\/logo\\\/image\\\/\",\"url\":\"https:\\\/\\\/www.cifial.pt\\\/wp-content\\\/uploads\\\/2024\\\/12\\\/cropped-logo_cifial_240x37.png\",\"contentUrl\":\"https:\\\/\\\/www.cifial.pt\\\/wp-content\\\/uploads\\\/2024\\\/12\\\/cropped-logo_cifial_240x37.png\",\"width\":150,\"height\":65,\"caption\":\"Cifial\"},\"image\":{\"@id\":\"https:\\\/\\\/www.cifial.pt\\\/#\\\/schema\\\/logo\\\/image\\\/\"},\"sameAs\":[\"https:\\\/\\\/www.facebook.com\\\/Cifial.SA\\\/\",\"https:\\\/\\\/www.instagram.com\\\/cifial_sa\\\/\",\"https:\\\/\\\/www.linkedin.com\\\/company\\\/cifial\\\/\"]}]}<\/script>\n<!-- \/ Yoast SEO plugin. -->","yoast_head_json":{"title":"Acabamentos - Cifial","robots":{"index":"index","follow":"follow","max-snippet":"max-snippet:-1","max-image-preview":"max-image-preview:large","max-video-preview":"max-video-preview:-1"},"canonical":"https:\/\/www.cifial.pt\/zh-hans\/acabamentos\/","og_locale":"zh_CN","og_type":"article","og_title":"Acabamentos - Cifial","og_description":"[vc_row css_animation=&#8221;fadeIn&#8221; el_class=&#8 [&hellip;]","og_url":"https:\/\/www.cifial.pt\/zh-hans\/acabamentos\/","og_site_name":"Cifial","article_publisher":"https:\/\/www.facebook.com\/Cifial.SA\/","article_modified_time":"2025-06-04T09:42:10+00:00","og_image":[{"width":2560,"height":1154,"url":"https:\/\/www.cifial.pt\/wp-content\/uploads\/2025\/04\/banner_Prancheta-1-scaled.jpg","type":"image\/jpeg"}],"twitter_card":"summary_large_image","twitter_misc":{"\u9884\u8ba1\u9605\u8bfb\u65f6\u95f4":"4 \u5206"},"schema":{"@context":"https:\/\/schema.org","@graph":[{"@type":"WebPage","@id":"https:\/\/www.cifial.pt\/zh-hans\/acabamentos\/","url":"https:\/\/www.cifial.pt\/zh-hans\/acabamentos\/","name":"Acabamentos - Cifial","isPartOf":{"@id":"https:\/\/www.cifial.pt\/#website"},"primaryImageOfPage":{"@id":"https:\/\/www.cifial.pt\/zh-hans\/acabamentos\/#primaryimage"},"image":{"@id":"https:\/\/www.cifial.pt\/zh-hans\/acabamentos\/#primaryimage"},"thumbnailUrl":"https:\/\/www.cifial.pt\/wp-content\/uploads\/2025\/04\/banner_Prancheta-1-scaled.jpg","datePublished":"2025-03-19T18:35:24+00:00","dateModified":"2025-06-04T09:42:10+00:00","breadcrumb":{"@id":"https:\/\/www.cifial.pt\/zh-hans\/acabamentos\/#breadcrumb"},"inLanguage":"zh-Hans","potentialAction":[{"@type":"ReadAction","target":["https:\/\/www.cifial.pt\/zh-hans\/acabamentos\/"]}]},{"@type":"ImageObject","inLanguage":"zh-Hans","@id":"https:\/\/www.cifial.pt\/zh-hans\/acabamentos\/#primaryimage","url":"https:\/\/www.cifial.pt\/wp-content\/uploads\/2025\/04\/banner_Prancheta-1-scaled.jpg","contentUrl":"https:\/\/www.cifial.pt\/wp-content\/uploads\/2025\/04\/banner_Prancheta-1-scaled.jpg","width":2560,"height":1154},{"@type":"BreadcrumbList","@id":"https:\/\/www.cifial.pt\/zh-hans\/acabamentos\/#breadcrumb","itemListElement":[{"@type":"ListItem","position":1,"name":"In\u00edcio","item":"https:\/\/www.cifial.pt\/zh-hans\/"},{"@type":"ListItem","position":2,"name":"Acabamentos"}]},{"@type":"WebSite","@id":"https:\/\/www.cifial.pt\/#website","url":"https:\/\/www.cifial.pt\/","name":"Cifial","description":"","publisher":{"@id":"https:\/\/www.cifial.pt\/#organization"},"potentialAction":[{"@type":"SearchAction","target":{"@type":"EntryPoint","urlTemplate":"https:\/\/www.cifial.pt\/?s={search_term_string}"},"query-input":{"@type":"PropertyValueSpecification","valueRequired":true,"valueName":"search_term_string"}}],"inLanguage":"zh-Hans"},{"@type":"Organization","@id":"https:\/\/www.cifial.pt\/#organization","name":"Cifial","url":"https:\/\/www.cifial.pt\/","logo":{"@type":"ImageObject","inLanguage":"zh-Hans","@id":"https:\/\/www.cifial.pt\/#\/schema\/logo\/image\/","url":"https:\/\/www.cifial.pt\/wp-content\/uploads\/2024\/12\/cropped-logo_cifial_240x37.png","contentUrl":"https:\/\/www.cifial.pt\/wp-content\/uploads\/2024\/12\/cropped-logo_cifial_240x37.png","width":150,"height":65,"caption":"Cifial"},"image":{"@id":"https:\/\/www.cifial.pt\/#\/schema\/logo\/image\/"},"sameAs":["https:\/\/www.facebook.com\/Cifial.SA\/","https:\/\/www.instagram.com\/cifial_sa\/","https:\/\/www.linkedin.com\/company\/cifial\/"]}]}},"_links":{"self":[{"href":"https:\/\/www.cifial.pt\/zh-hans\/wp-json\/wp\/v2\/pages\/28740","targetHints":{"allow":["GET"]}}],"collection":[{"href":"https:\/\/www.cifial.pt\/zh-hans\/wp-json\/wp\/v2\/pages"}],"about":[{"href":"https:\/\/www.cifial.pt\/zh-hans\/wp-json\/wp\/v2\/types\/page"}],"author":[{"embeddable":true,"href":"https:\/\/www.cifial.pt\/zh-hans\/wp-json\/wp\/v2\/users\/1"}],"replies":[{"embeddable":true,"href":"https:\/\/www.cifial.pt\/zh-hans\/wp-json\/wp\/v2\/comments?post=28740"}],"version-history":[{"count":1,"href":"https:\/\/www.cifial.pt\/zh-hans\/wp-json\/wp\/v2\/pages\/28740\/revisions"}],"predecessor-version":[{"id":28929,"href":"https:\/\/www.cifial.pt\/zh-hans\/wp-json\/wp\/v2\/pages\/28740\/revisions\/28929"}],"wp:featuredmedia":[{"embeddable":true,"href":"https:\/\/www.cifial.pt\/zh-hans\/wp-json\/wp\/v2\/media\/23732"}],"wp:attachment":[{"href":"https:\/\/www.cifial.pt\/zh-hans\/wp-json\/wp\/v2\/media?parent=28740"}],"curies":[{"name":"wp","href":"https:\/\/api.w.org\/{rel}","templated":true}]}}