{"id":937,"date":"2025-02-05T12:11:24","date_gmt":"2025-02-05T12:11:24","guid":{"rendered":"https:\/\/www.cifial.pt\/consumo-hidrico\/"},"modified":"2025-06-04T12:02:41","modified_gmt":"2025-06-04T12:02:41","slug":"sustentabilidade","status":"publish","type":"page","link":"https:\/\/www.cifial.pt\/zh-hans\/sustentabilidade\/","title":{"rendered":"Sustentabilidade"},"content":{"rendered":"<p>[vc_row css_animation=&#8221;fadeInUp&#8221;][vc_column][vc_column_text el_class=&#8221;consumo&#8221;]Na CIFIAL, acreditamos que a sustentabilidade \u00e9 um compromisso essencial para um futuro melhor. O nosso percurso \u00e9 marcado pela busca constante por solu\u00e7\u00f5es inovadoras que minimizem o impacto ambiental e promovam a efici\u00eancia dos recursos.<\/p>\n<p>A nossa abordagem \u00e0 sustentabilidade passa pelo investimento em tecnologia, efici\u00eancia energ\u00e9tica e boas pr\u00e1ticas industriais, garantindo que cada produto seja desenvolvido com responsabilidade ambiental. Este \u00e9 um desafio que abra\u00e7amos com dedica\u00e7\u00e3o, envolvendo toda a nossa equipa e parceiros para construir um futuro mais ecol\u00f3gico e eficiente.<\/p>\n<p><strong>Consumo H\u00eddrico<\/strong><\/p>\n<p>Na <strong>CIFIAL<\/strong>, reconhecemos que a \u00e1gua \u00e9 um recurso precioso e essencial \u00e0 vida, pelo que adotamos medidas que garantam a sua utiliza\u00e7\u00e3o eficiente. A consciencializa\u00e7\u00e3o e a inova\u00e7\u00e3o s\u00e3o fundamentais para reduzir o consumo h\u00eddrico sem comprometer o conforto e a funcionalidade dos nossos produtos. Pequenas mudan\u00e7as podem fazer uma grande diferen\u00e7a e, por isso, promovemos solu\u00e7\u00f5es que permitem uma gest\u00e3o mais sustent\u00e1vel da \u00e1gua, minimizando o desperd\u00edcio e incentivando boas pr\u00e1ticas no dia a dia.<\/p>\n<p>Atrav\u00e9s de inova\u00e7\u00e3o e tecnologias avan\u00e7adas, conseguimos reduzir significativamente o consumo de \u00e1gua nas torneiras e sistemas sanit\u00e1rios. At\u00e9 mesmo os mais pequenos componentes, muitas vezes impercet\u00edveis, desempenham um papel essencial ao restringir e regular o fluxo de \u00e1gua, garantindo uma utiliza\u00e7\u00e3o eficiente e sem desperd\u00edcio.<\/p>\n<p>Com estas solu\u00e7\u00f5es, a CIFIAL proporciona uma experi\u00eancia confort\u00e1vel e respons\u00e1vel, assegurando que cada gota conta para a preserva\u00e7\u00e3o de um recurso essencial para as gera\u00e7\u00f5es futuras.[\/vc_column_text][\/vc_column][\/vc_row][vc_row full_width=&#8221;stretch_row_content_no_spaces&#8221; equal_height=&#8221;yes&#8221; css_animation=&#8221;fadeInUp&#8221; el_class=&#8221;consumo-dois&#8221;][vc_column][vc_single_image image=&#8221;21367&#8243; img_size=&#8221;full&#8221;][\/vc_column][\/vc_row][vc_row css_animation=&#8221;fadeInUp&#8221;][vc_column][vc_column_text el_class=&#8221;consumo&#8221;]<strong>ETAR Pr\u00f3pria: Reciclagem da \u00c1gua<\/strong><\/p>\n<p>A CIFIAL possui uma <strong>Esta\u00e7\u00e3o de Tratamento de \u00c1guas Residuais (ETAR)<\/strong> que permite a reciclagem e reutiliza\u00e7\u00e3o da \u00e1gua utilizada no processo industrial. Com esta infraestrutura, conseguimos reduzir o desperd\u00edcio h\u00eddrico e minimizar o impacto ambiental da nossa produ\u00e7\u00e3o, refor\u00e7ando a nossa miss\u00e3o de gerir os recursos de forma eficiente e sustent\u00e1vel.<\/p>\n<p>Na CIFIAL, a sustentabilidade n\u00e3o \u00e9 apenas uma ambi\u00e7\u00e3o \u2013 \u00e9 um compromisso real que orienta as nossas decis\u00f5es e investimentos. Continuaremos a inovar e a trabalhar para um futuro onde a qualidade e o respeito pelo ambiente caminham lado a lado.<\/p>\n<p>&nbsp;<\/p>\n<p><strong>Unidade de Produ\u00e7\u00e3o de Energia El\u00e9trica<\/strong><\/p>\n<p>Em 2023, a CIFIAL deu um passo decisivo rumo \u00e0 sustentabilidade com a inaugura\u00e7\u00e3o da sua <strong>Unidade de Produ\u00e7\u00e3o de Energia El\u00e9trica<\/strong> a partir de pain\u00e9is fotovoltaicos. Esta infraestrutura cobre uma \u00e1rea de <strong>3.000 m\u00b2<\/strong> e possui uma capacidade produtiva de <strong>847 MWh\/ano<\/strong>, garantindo uma fonte de energia limpa e renov\u00e1vel para suportar as opera\u00e7\u00f5es industriais. No seu primeiro ano de funcionamento, esta iniciativa permitiu a redu\u00e7\u00e3o de <strong>200 toneladas de emiss\u00f5es de CO2<\/strong>, um marco significativo no nosso compromisso ambiental. A aposta na energia solar reflete a nossa vis\u00e3o de futuro, onde a inova\u00e7\u00e3o e a responsabilidade ambiental andam de m\u00e3os dadas para minimizar a pegada ecol\u00f3gica e promover um setor industrial mais sustent\u00e1vel.<\/p>\n<p><strong>Tecnologia PVD: Sustentabilidade e Qualidade<\/strong><\/p>\n<p>A CIFIAL foi uma das primeiras empresas a adotar a tecnologia <strong>PVD (Physical Vapor Deposition)<\/strong> nos anos 90, reconhecendo desde cedo o seu potencial sustent\u00e1vel. O nosso processo produtivo utiliza componentes como zirc\u00f4nio, nitrog\u00eanio, carbono, cromo e oxig\u00eanio, garantindo acabamentos de elevada qualidade e grande resist\u00eancia.<\/p>\n<p>As principais vantagens do PVD incluem:<\/p>\n<ul>\n<li>Tecnologia limpa e amiga do ambiente, sem consumo de \u00e1gua ou emiss\u00e3o de gases poluentes.<\/li>\n<li>Aprovado para uso alimentar e m\u00e9dico, sendo hipoalerg\u00e9nico e livre de n\u00edquel;<\/li>\n<li>Elevada resist\u00eancia a riscos, impactos, choques t\u00e9rmicos e corros\u00e3o;<\/li>\n<li>Maior longevidade dos acabamentos e dos produtos.<\/li>\n<\/ul>\n<p><strong>\u00a0<\/strong><\/p>\n<p><strong>Frota El\u00e9trica<\/strong><\/p>\n<p>A mobilidade sustent\u00e1vel \u00e9 um dos pilares da nossa estrat\u00e9gia ecol\u00f3gica. A pensar no futuro, a CIFIAL adotou uma <strong>frota de viaturas 100% el\u00e9trica<\/strong>, reduzindo drasticamente as emiss\u00f5es de carbono e promovendo uma opera\u00e7\u00e3o mais eficiente e amiga do ambiente. Esta transi\u00e7\u00e3o n\u00e3o s\u00f3 reflete o nosso compromisso com a descarboniza\u00e7\u00e3o, como tamb\u00e9m impulsiona uma cultura empresarial focada na inova\u00e7\u00e3o e na responsabilidade ambiental.[\/vc_column_text][\/vc_column][\/vc_row]<\/p>\n","protected":false},"excerpt":{"rendered":"<p>[vc_row css_animation=&#8221;fadeInUp&#8221;][vc_column [&hellip;]<\/p>\n","protected":false},"author":1,"featured_media":21393,"parent":0,"menu_order":0,"comment_status":"closed","ping_status":"closed","template":"","meta":{"_monsterinsights_skip_tracking":false,"_monsterinsights_sitenote_active":false,"_monsterinsights_sitenote_note":"","_monsterinsights_sitenote_category":0,"footnotes":""},"class_list":["post-937","page","type-page","status-publish","has-post-thumbnail","hentry"],"yoast_head":"<!-- This site is optimized with the Yoast SEO plugin v27.3 - https:\/\/yoast.com\/product\/yoast-seo-wordpress\/ -->\n<title>Sustentabilidade - Cifial<\/title>\n<meta name=\"robots\" content=\"index, follow, max-snippet:-1, max-image-preview:large, max-video-preview:-1\" \/>\n<link rel=\"canonical\" href=\"https:\/\/www.cifial.pt\/zh-hans\/sustentabilidade\/\" \/>\n<meta property=\"og:locale\" content=\"zh_CN\" \/>\n<meta property=\"og:type\" content=\"article\" \/>\n<meta property=\"og:title\" content=\"Sustentabilidade - Cifial\" \/>\n<meta property=\"og:description\" content=\"[vc_row css_animation=&#8221;fadeInUp&#8221;][vc_column [&hellip;]\" \/>\n<meta property=\"og:url\" content=\"https:\/\/www.cifial.pt\/zh-hans\/sustentabilidade\/\" \/>\n<meta property=\"og:site_name\" content=\"Cifial\" \/>\n<meta property=\"article:publisher\" content=\"https:\/\/www.facebook.com\/Cifial.SA\/\" \/>\n<meta property=\"article:modified_time\" content=\"2025-06-04T12:02:41+00:00\" \/>\n<meta property=\"og:image\" content=\"https:\/\/www.cifial.pt\/wp-content\/uploads\/2025\/03\/Sustentabalidade.jpg\" \/>\n\t<meta property=\"og:image:width\" content=\"958\" \/>\n\t<meta property=\"og:image:height\" content=\"663\" \/>\n\t<meta property=\"og:image:type\" content=\"image\/jpeg\" \/>\n<meta name=\"twitter:card\" content=\"summary_large_image\" \/>\n<meta name=\"twitter:label1\" content=\"\u9884\u8ba1\u9605\u8bfb\u65f6\u95f4\" \/>\n\t<meta name=\"twitter:data1\" content=\"4 \u5206\" \/>\n<script type=\"application\/ld+json\" class=\"yoast-schema-graph\">{\"@context\":\"https:\\\/\\\/schema.org\",\"@graph\":[{\"@type\":\"WebPage\",\"@id\":\"https:\\\/\\\/www.cifial.pt\\\/zh-hans\\\/sustentabilidade\\\/\",\"url\":\"https:\\\/\\\/www.cifial.pt\\\/zh-hans\\\/sustentabilidade\\\/\",\"name\":\"Sustentabilidade - Cifial\",\"isPartOf\":{\"@id\":\"https:\\\/\\\/www.cifial.pt\\\/#website\"},\"primaryImageOfPage\":{\"@id\":\"https:\\\/\\\/www.cifial.pt\\\/zh-hans\\\/sustentabilidade\\\/#primaryimage\"},\"image\":{\"@id\":\"https:\\\/\\\/www.cifial.pt\\\/zh-hans\\\/sustentabilidade\\\/#primaryimage\"},\"thumbnailUrl\":\"https:\\\/\\\/www.cifial.pt\\\/wp-content\\\/uploads\\\/2025\\\/03\\\/Sustentabalidade.jpg\",\"datePublished\":\"2025-02-05T12:11:24+00:00\",\"dateModified\":\"2025-06-04T12:02:41+00:00\",\"breadcrumb\":{\"@id\":\"https:\\\/\\\/www.cifial.pt\\\/zh-hans\\\/sustentabilidade\\\/#breadcrumb\"},\"inLanguage\":\"zh-Hans\",\"potentialAction\":[{\"@type\":\"ReadAction\",\"target\":[\"https:\\\/\\\/www.cifial.pt\\\/zh-hans\\\/sustentabilidade\\\/\"]}]},{\"@type\":\"ImageObject\",\"inLanguage\":\"zh-Hans\",\"@id\":\"https:\\\/\\\/www.cifial.pt\\\/zh-hans\\\/sustentabilidade\\\/#primaryimage\",\"url\":\"https:\\\/\\\/www.cifial.pt\\\/wp-content\\\/uploads\\\/2025\\\/03\\\/Sustentabalidade.jpg\",\"contentUrl\":\"https:\\\/\\\/www.cifial.pt\\\/wp-content\\\/uploads\\\/2025\\\/03\\\/Sustentabalidade.jpg\",\"width\":958,\"height\":663},{\"@type\":\"BreadcrumbList\",\"@id\":\"https:\\\/\\\/www.cifial.pt\\\/zh-hans\\\/sustentabilidade\\\/#breadcrumb\",\"itemListElement\":[{\"@type\":\"ListItem\",\"position\":1,\"name\":\"In\u00edcio\",\"item\":\"https:\\\/\\\/www.cifial.pt\\\/zh-hans\\\/\"},{\"@type\":\"ListItem\",\"position\":2,\"name\":\"Sustentabilidade\"}]},{\"@type\":\"WebSite\",\"@id\":\"https:\\\/\\\/www.cifial.pt\\\/#website\",\"url\":\"https:\\\/\\\/www.cifial.pt\\\/\",\"name\":\"Cifial\",\"description\":\"\",\"publisher\":{\"@id\":\"https:\\\/\\\/www.cifial.pt\\\/#organization\"},\"potentialAction\":[{\"@type\":\"SearchAction\",\"target\":{\"@type\":\"EntryPoint\",\"urlTemplate\":\"https:\\\/\\\/www.cifial.pt\\\/?s={search_term_string}\"},\"query-input\":{\"@type\":\"PropertyValueSpecification\",\"valueRequired\":true,\"valueName\":\"search_term_string\"}}],\"inLanguage\":\"zh-Hans\"},{\"@type\":\"Organization\",\"@id\":\"https:\\\/\\\/www.cifial.pt\\\/#organization\",\"name\":\"Cifial\",\"url\":\"https:\\\/\\\/www.cifial.pt\\\/\",\"logo\":{\"@type\":\"ImageObject\",\"inLanguage\":\"zh-Hans\",\"@id\":\"https:\\\/\\\/www.cifial.pt\\\/#\\\/schema\\\/logo\\\/image\\\/\",\"url\":\"https:\\\/\\\/www.cifial.pt\\\/wp-content\\\/uploads\\\/2024\\\/12\\\/cropped-logo_cifial_240x37.png\",\"contentUrl\":\"https:\\\/\\\/www.cifial.pt\\\/wp-content\\\/uploads\\\/2024\\\/12\\\/cropped-logo_cifial_240x37.png\",\"width\":150,\"height\":65,\"caption\":\"Cifial\"},\"image\":{\"@id\":\"https:\\\/\\\/www.cifial.pt\\\/#\\\/schema\\\/logo\\\/image\\\/\"},\"sameAs\":[\"https:\\\/\\\/www.facebook.com\\\/Cifial.SA\\\/\",\"https:\\\/\\\/www.instagram.com\\\/cifial_sa\\\/\",\"https:\\\/\\\/www.linkedin.com\\\/company\\\/cifial\\\/\"]}]}<\/script>\n<!-- \/ Yoast SEO plugin. -->","yoast_head_json":{"title":"Sustentabilidade - Cifial","robots":{"index":"index","follow":"follow","max-snippet":"max-snippet:-1","max-image-preview":"max-image-preview:large","max-video-preview":"max-video-preview:-1"},"canonical":"https:\/\/www.cifial.pt\/zh-hans\/sustentabilidade\/","og_locale":"zh_CN","og_type":"article","og_title":"Sustentabilidade - Cifial","og_description":"[vc_row css_animation=&#8221;fadeInUp&#8221;][vc_column [&hellip;]","og_url":"https:\/\/www.cifial.pt\/zh-hans\/sustentabilidade\/","og_site_name":"Cifial","article_publisher":"https:\/\/www.facebook.com\/Cifial.SA\/","article_modified_time":"2025-06-04T12:02:41+00:00","og_image":[{"width":958,"height":663,"url":"https:\/\/www.cifial.pt\/wp-content\/uploads\/2025\/03\/Sustentabalidade.jpg","type":"image\/jpeg"}],"twitter_card":"summary_large_image","twitter_misc":{"\u9884\u8ba1\u9605\u8bfb\u65f6\u95f4":"4 \u5206"},"schema":{"@context":"https:\/\/schema.org","@graph":[{"@type":"WebPage","@id":"https:\/\/www.cifial.pt\/zh-hans\/sustentabilidade\/","url":"https:\/\/www.cifial.pt\/zh-hans\/sustentabilidade\/","name":"Sustentabilidade - Cifial","isPartOf":{"@id":"https:\/\/www.cifial.pt\/#website"},"primaryImageOfPage":{"@id":"https:\/\/www.cifial.pt\/zh-hans\/sustentabilidade\/#primaryimage"},"image":{"@id":"https:\/\/www.cifial.pt\/zh-hans\/sustentabilidade\/#primaryimage"},"thumbnailUrl":"https:\/\/www.cifial.pt\/wp-content\/uploads\/2025\/03\/Sustentabalidade.jpg","datePublished":"2025-02-05T12:11:24+00:00","dateModified":"2025-06-04T12:02:41+00:00","breadcrumb":{"@id":"https:\/\/www.cifial.pt\/zh-hans\/sustentabilidade\/#breadcrumb"},"inLanguage":"zh-Hans","potentialAction":[{"@type":"ReadAction","target":["https:\/\/www.cifial.pt\/zh-hans\/sustentabilidade\/"]}]},{"@type":"ImageObject","inLanguage":"zh-Hans","@id":"https:\/\/www.cifial.pt\/zh-hans\/sustentabilidade\/#primaryimage","url":"https:\/\/www.cifial.pt\/wp-content\/uploads\/2025\/03\/Sustentabalidade.jpg","contentUrl":"https:\/\/www.cifial.pt\/wp-content\/uploads\/2025\/03\/Sustentabalidade.jpg","width":958,"height":663},{"@type":"BreadcrumbList","@id":"https:\/\/www.cifial.pt\/zh-hans\/sustentabilidade\/#breadcrumb","itemListElement":[{"@type":"ListItem","position":1,"name":"In\u00edcio","item":"https:\/\/www.cifial.pt\/zh-hans\/"},{"@type":"ListItem","position":2,"name":"Sustentabilidade"}]},{"@type":"WebSite","@id":"https:\/\/www.cifial.pt\/#website","url":"https:\/\/www.cifial.pt\/","name":"Cifial","description":"","publisher":{"@id":"https:\/\/www.cifial.pt\/#organization"},"potentialAction":[{"@type":"SearchAction","target":{"@type":"EntryPoint","urlTemplate":"https:\/\/www.cifial.pt\/?s={search_term_string}"},"query-input":{"@type":"PropertyValueSpecification","valueRequired":true,"valueName":"search_term_string"}}],"inLanguage":"zh-Hans"},{"@type":"Organization","@id":"https:\/\/www.cifial.pt\/#organization","name":"Cifial","url":"https:\/\/www.cifial.pt\/","logo":{"@type":"ImageObject","inLanguage":"zh-Hans","@id":"https:\/\/www.cifial.pt\/#\/schema\/logo\/image\/","url":"https:\/\/www.cifial.pt\/wp-content\/uploads\/2024\/12\/cropped-logo_cifial_240x37.png","contentUrl":"https:\/\/www.cifial.pt\/wp-content\/uploads\/2024\/12\/cropped-logo_cifial_240x37.png","width":150,"height":65,"caption":"Cifial"},"image":{"@id":"https:\/\/www.cifial.pt\/#\/schema\/logo\/image\/"},"sameAs":["https:\/\/www.facebook.com\/Cifial.SA\/","https:\/\/www.instagram.com\/cifial_sa\/","https:\/\/www.linkedin.com\/company\/cifial\/"]}]}},"_links":{"self":[{"href":"https:\/\/www.cifial.pt\/zh-hans\/wp-json\/wp\/v2\/pages\/937","targetHints":{"allow":["GET"]}}],"collection":[{"href":"https:\/\/www.cifial.pt\/zh-hans\/wp-json\/wp\/v2\/pages"}],"about":[{"href":"https:\/\/www.cifial.pt\/zh-hans\/wp-json\/wp\/v2\/types\/page"}],"author":[{"embeddable":true,"href":"https:\/\/www.cifial.pt\/zh-hans\/wp-json\/wp\/v2\/users\/1"}],"replies":[{"embeddable":true,"href":"https:\/\/www.cifial.pt\/zh-hans\/wp-json\/wp\/v2\/comments?post=937"}],"version-history":[{"count":1,"href":"https:\/\/www.cifial.pt\/zh-hans\/wp-json\/wp\/v2\/pages\/937\/revisions"}],"predecessor-version":[{"id":28933,"href":"https:\/\/www.cifial.pt\/zh-hans\/wp-json\/wp\/v2\/pages\/937\/revisions\/28933"}],"wp:featuredmedia":[{"embeddable":true,"href":"https:\/\/www.cifial.pt\/zh-hans\/wp-json\/wp\/v2\/media\/21393"}],"wp:attachment":[{"href":"https:\/\/www.cifial.pt\/zh-hans\/wp-json\/wp\/v2\/media?parent=937"}],"curies":[{"name":"wp","href":"https:\/\/api.w.org\/{rel}","templated":true}]}}