{"id":945,"date":"2024-12-30T10:17:36","date_gmt":"2024-12-30T10:17:36","guid":{"rendered":"https:\/\/www.cifial.pt\/homepage\/"},"modified":"2025-02-13T17:52:31","modified_gmt":"2025-02-13T17:52:31","slug":"homepage","status":"publish","type":"page","link":"https:\/\/www.cifial.pt\/zh-hans\/","title":{"rendered":"Homepage"},"content":{"rendered":"<p>[vc_row full_width=&#8221;stretch_row_content_no_spaces&#8221;][vc_column][vc_column_text]<div class=\"slide-container\"><img decoding=\"async\" class=\"imagem-home-special\" src=\"https:\/\/www.cifial.pt\/wp-content\/uploads\/2025\/07\/banner_site.png\" alt=\"Imagem da homepage\" style=\"width: 100%; height: auto;\"><div class=\"div-banner\"><h6>Excellence and Innovation since 1904<\/h6><\/div><\/div>[\/vc_column_text][\/vc_column][\/vc_row][vc_row css_animation=&#8221;fadeInUp&#8221; el_class=&#8221;texto-descritivo texto-normal&#8221;][vc_column][vc_column_text]Durante mais de um s\u00e9culo, investimos em solu\u00e7\u00f5es de engenharia de produto e de processos, numa converg\u00eancia de design e tecnologia que nos garantiram v\u00e1rios pr\u00e9mios internacionais. Hoje, este esp\u00edrito vive ainda em tudo que fazemos, refletindo-se na forma como pensamos, concebemos e desenhamos um produto final ic\u00f3nico.[\/vc_column_text][vc_column_text]<\/p>\n<h4 style=\"text-align: center;\">CONHE\u00c7A OS NOSSOS PRODUTOS<\/h4>\n<p>[\/vc_column_text][\/vc_column][\/vc_row][vc_row full_width=&#8221;stretch_row_content_no_spaces&#8221; css_animation=&#8221;fadeIn&#8221;][vc_column][vc_column_text]<div class=\"woocommerce-category-grid\"><\/div>[\/vc_column_text][\/vc_column][\/vc_row][vc_row css_animation=&#8221;fadeInUp&#8221; el_class=&#8221;texto-descritivo&#8221;][vc_column][vc_column_text el_class=&#8221;texto-descritivo-2&#8243;]<\/p>\n<h4 style=\"text-align: center;\">DEIXE-SE INSPIRAR PELOS NOSSOS PROJETOS<\/h4>\n<p>[\/vc_column_text][\/vc_column][\/vc_row][vc_row css_animation=&#8221;fadeInUp&#8221;][vc_column][vc_column_text]<div class=\"latest-posts-grid\"><div class=\"post-box featured-project\"><a href=\"https:\/\/www.cifial.pt\/zh-hans\/projeto\/theyeatmanhotel-2\/\"><img decoding=\"async\" src=\"https:\/\/www.cifial.pt\/wp-content\/uploads\/2025\/04\/0-1.jpg\" alt=\"OURIL HOTEL MINDELO\"><h3>OURIL HOTEL MINDELO<\/h3><\/a><\/div><div class=\"post-box featured-project\"><a href=\"https:\/\/www.cifial.pt\/zh-hans\/projeto\/pestanachelseabridgehotel\/\"><img decoding=\"async\" src=\"https:\/\/www.cifial.pt\/wp-content\/uploads\/2025\/04\/447844289.jpg\" alt=\"PESTANA CHELSEA BRIDGE HOTEL\"><h3>PESTANA CHELSEA BRIDGE HOTEL<\/h3><\/a><\/div><div class=\"post-box featured-project\"><a href=\"https:\/\/www.cifial.pt\/zh-hans\/projeto\/theyeatmanhotel\/\"><img decoding=\"async\" src=\"https:\/\/www.cifial.pt\/wp-content\/uploads\/2025\/04\/244751388_4637850332926181_3733251370703534623_n-1000x666.jpg\" alt=\"THE YEATMAN HOTEL\"><h3>THE YEATMAN HOTEL<\/h3><\/a><\/div><div class=\"post-box featured-project\"><a href=\"https:\/\/www.cifial.pt\/zh-hans\/projeto\/le-monumental-palace\/\"><img decoding=\"async\" src=\"https:\/\/www.cifial.pt\/wp-content\/uploads\/2025\/01\/1.jpg\" alt=\"LE MONUMENTAL PALACE\"><h3>LE MONUMENTAL PALACE<\/h3><\/a><\/div><\/div>[\/vc_column_text][vc_column_text el_class=&#8221;botao-todos&#8221;]<\/p>\n<p style=\"text-align: center;\"><a href=\"https:\/\/www.cifial.pt\/zh-hans\/projetos\/\">Ver todos os projetos<\/a><\/p>\n<p>[\/vc_column_text][\/vc_column][\/vc_row][vc_row full_width=&#8221;stretch_row_content_no_spaces&#8221; css_animation=&#8221;fadeIn&#8221;][vc_column][vc_column_text]<div class=\"sobre-container\" style=\"background: url(https:\/\/www.cifial.pt\/wp-content\/uploads\/2025\/02\/Mask-Group-15-1.png) no-repeat center center; \"><div class=\"div-banner\"><h6>120 years<br>of quality<br>memorable<br><a href=\"\/since-1904\/\">ABOUT US<\/a><\/h6><\/div><\/div>[\/vc_column_text][\/vc_column][\/vc_row][vc_row css_animation=&#8221;fadeInUp&#8221; el_class=&#8221;entre-contacto&#8221;][vc_column][vc_column_text]<\/p>\n<p style=\"text-align: center;\">PRECISA DE AJUDA? FALE CONNOSCO.<\/p>\n<p>[\/vc_column_text][vc_column_text el_class=&#8221;botao-contacto&#8221;]<\/p>\n<p style=\"text-align: center;\"><a href=\"https:\/\/www.cifial.pt\/zh-hans\/contactos\/\">Entrar em contacto<\/a><\/p>\n<p>[\/vc_column_text][\/vc_column][\/vc_row]<\/p>\n","protected":false},"excerpt":{"rendered":"<p>[vc_row full_width=&#8221;stretch_row_content_no_spaces [&hellip;]<\/p>\n","protected":false},"author":1,"featured_media":0,"parent":0,"menu_order":0,"comment_status":"closed","ping_status":"closed","template":"","meta":{"_monsterinsights_skip_tracking":false,"_monsterinsights_sitenote_active":false,"_monsterinsights_sitenote_note":"","_monsterinsights_sitenote_category":0,"footnotes":""},"class_list":["post-945","page","type-page","status-publish","hentry"],"yoast_head":"<!-- This site is optimized with the Yoast SEO plugin v27.3 - https:\/\/yoast.com\/product\/yoast-seo-wordpress\/ -->\n<title>Homepage - Cifial<\/title>\n<meta name=\"robots\" content=\"index, follow, max-snippet:-1, max-image-preview:large, max-video-preview:-1\" \/>\n<link rel=\"canonical\" href=\"https:\/\/www.cifial.pt\/zh-hans\/\" \/>\n<meta property=\"og:locale\" content=\"zh_CN\" \/>\n<meta property=\"og:type\" content=\"article\" \/>\n<meta property=\"og:title\" content=\"Homepage - Cifial\" \/>\n<meta property=\"og:description\" content=\"[vc_row full_width=&#8221;stretch_row_content_no_spaces [&hellip;]\" \/>\n<meta property=\"og:url\" content=\"https:\/\/www.cifial.pt\/zh-hans\/\" \/>\n<meta property=\"og:site_name\" content=\"Cifial\" \/>\n<meta property=\"article:publisher\" content=\"https:\/\/www.facebook.com\/Cifial.SA\/\" \/>\n<meta property=\"article:modified_time\" content=\"2025-02-13T17:52:31+00:00\" \/>\n<meta name=\"twitter:card\" content=\"summary_large_image\" \/>\n<meta name=\"twitter:label1\" content=\"\u9884\u8ba1\u9605\u8bfb\u65f6\u95f4\" \/>\n\t<meta name=\"twitter:data1\" content=\"1 \u5206\" \/>\n<script type=\"application\/ld+json\" class=\"yoast-schema-graph\">{\"@context\":\"https:\\\/\\\/schema.org\",\"@graph\":[{\"@type\":\"WebPage\",\"@id\":\"https:\\\/\\\/www.cifial.pt\\\/zh-hans\\\/\",\"url\":\"https:\\\/\\\/www.cifial.pt\\\/zh-hans\\\/\",\"name\":\"Homepage - Cifial\",\"isPartOf\":{\"@id\":\"https:\\\/\\\/www.cifial.pt\\\/#website\"},\"datePublished\":\"2024-12-30T10:17:36+00:00\",\"dateModified\":\"2025-02-13T17:52:31+00:00\",\"breadcrumb\":{\"@id\":\"https:\\\/\\\/www.cifial.pt\\\/zh-hans\\\/#breadcrumb\"},\"inLanguage\":\"zh-Hans\",\"potentialAction\":[{\"@type\":\"ReadAction\",\"target\":[\"https:\\\/\\\/www.cifial.pt\\\/zh-hans\\\/\"]}]},{\"@type\":\"BreadcrumbList\",\"@id\":\"https:\\\/\\\/www.cifial.pt\\\/zh-hans\\\/#breadcrumb\",\"itemListElement\":[{\"@type\":\"ListItem\",\"position\":1,\"name\":\"In\u00edcio\",\"item\":\"https:\\\/\\\/www.cifial.pt\\\/zh-hans\\\/\"},{\"@type\":\"ListItem\",\"position\":2,\"name\":\"Homepage\"}]},{\"@type\":\"WebSite\",\"@id\":\"https:\\\/\\\/www.cifial.pt\\\/#website\",\"url\":\"https:\\\/\\\/www.cifial.pt\\\/\",\"name\":\"Cifial\",\"description\":\"\",\"publisher\":{\"@id\":\"https:\\\/\\\/www.cifial.pt\\\/#organization\"},\"potentialAction\":[{\"@type\":\"SearchAction\",\"target\":{\"@type\":\"EntryPoint\",\"urlTemplate\":\"https:\\\/\\\/www.cifial.pt\\\/?s={search_term_string}\"},\"query-input\":{\"@type\":\"PropertyValueSpecification\",\"valueRequired\":true,\"valueName\":\"search_term_string\"}}],\"inLanguage\":\"zh-Hans\"},{\"@type\":\"Organization\",\"@id\":\"https:\\\/\\\/www.cifial.pt\\\/#organization\",\"name\":\"Cifial\",\"url\":\"https:\\\/\\\/www.cifial.pt\\\/\",\"logo\":{\"@type\":\"ImageObject\",\"inLanguage\":\"zh-Hans\",\"@id\":\"https:\\\/\\\/www.cifial.pt\\\/#\\\/schema\\\/logo\\\/image\\\/\",\"url\":\"https:\\\/\\\/www.cifial.pt\\\/wp-content\\\/uploads\\\/2024\\\/12\\\/cropped-logo_cifial_240x37.png\",\"contentUrl\":\"https:\\\/\\\/www.cifial.pt\\\/wp-content\\\/uploads\\\/2024\\\/12\\\/cropped-logo_cifial_240x37.png\",\"width\":150,\"height\":65,\"caption\":\"Cifial\"},\"image\":{\"@id\":\"https:\\\/\\\/www.cifial.pt\\\/#\\\/schema\\\/logo\\\/image\\\/\"},\"sameAs\":[\"https:\\\/\\\/www.facebook.com\\\/Cifial.SA\\\/\",\"https:\\\/\\\/www.instagram.com\\\/cifial_sa\\\/\",\"https:\\\/\\\/www.linkedin.com\\\/company\\\/cifial\\\/\"]}]}<\/script>\n<!-- \/ Yoast SEO plugin. -->","yoast_head_json":{"title":"Homepage - Cifial","robots":{"index":"index","follow":"follow","max-snippet":"max-snippet:-1","max-image-preview":"max-image-preview:large","max-video-preview":"max-video-preview:-1"},"canonical":"https:\/\/www.cifial.pt\/zh-hans\/","og_locale":"zh_CN","og_type":"article","og_title":"Homepage - Cifial","og_description":"[vc_row full_width=&#8221;stretch_row_content_no_spaces [&hellip;]","og_url":"https:\/\/www.cifial.pt\/zh-hans\/","og_site_name":"Cifial","article_publisher":"https:\/\/www.facebook.com\/Cifial.SA\/","article_modified_time":"2025-02-13T17:52:31+00:00","twitter_card":"summary_large_image","twitter_misc":{"\u9884\u8ba1\u9605\u8bfb\u65f6\u95f4":"1 \u5206"},"schema":{"@context":"https:\/\/schema.org","@graph":[{"@type":"WebPage","@id":"https:\/\/www.cifial.pt\/zh-hans\/","url":"https:\/\/www.cifial.pt\/zh-hans\/","name":"Homepage - Cifial","isPartOf":{"@id":"https:\/\/www.cifial.pt\/#website"},"datePublished":"2024-12-30T10:17:36+00:00","dateModified":"2025-02-13T17:52:31+00:00","breadcrumb":{"@id":"https:\/\/www.cifial.pt\/zh-hans\/#breadcrumb"},"inLanguage":"zh-Hans","potentialAction":[{"@type":"ReadAction","target":["https:\/\/www.cifial.pt\/zh-hans\/"]}]},{"@type":"BreadcrumbList","@id":"https:\/\/www.cifial.pt\/zh-hans\/#breadcrumb","itemListElement":[{"@type":"ListItem","position":1,"name":"In\u00edcio","item":"https:\/\/www.cifial.pt\/zh-hans\/"},{"@type":"ListItem","position":2,"name":"Homepage"}]},{"@type":"WebSite","@id":"https:\/\/www.cifial.pt\/#website","url":"https:\/\/www.cifial.pt\/","name":"Cifial","description":"","publisher":{"@id":"https:\/\/www.cifial.pt\/#organization"},"potentialAction":[{"@type":"SearchAction","target":{"@type":"EntryPoint","urlTemplate":"https:\/\/www.cifial.pt\/?s={search_term_string}"},"query-input":{"@type":"PropertyValueSpecification","valueRequired":true,"valueName":"search_term_string"}}],"inLanguage":"zh-Hans"},{"@type":"Organization","@id":"https:\/\/www.cifial.pt\/#organization","name":"Cifial","url":"https:\/\/www.cifial.pt\/","logo":{"@type":"ImageObject","inLanguage":"zh-Hans","@id":"https:\/\/www.cifial.pt\/#\/schema\/logo\/image\/","url":"https:\/\/www.cifial.pt\/wp-content\/uploads\/2024\/12\/cropped-logo_cifial_240x37.png","contentUrl":"https:\/\/www.cifial.pt\/wp-content\/uploads\/2024\/12\/cropped-logo_cifial_240x37.png","width":150,"height":65,"caption":"Cifial"},"image":{"@id":"https:\/\/www.cifial.pt\/#\/schema\/logo\/image\/"},"sameAs":["https:\/\/www.facebook.com\/Cifial.SA\/","https:\/\/www.instagram.com\/cifial_sa\/","https:\/\/www.linkedin.com\/company\/cifial\/"]}]}},"_links":{"self":[{"href":"https:\/\/www.cifial.pt\/zh-hans\/wp-json\/wp\/v2\/pages\/945","targetHints":{"allow":["GET"]}}],"collection":[{"href":"https:\/\/www.cifial.pt\/zh-hans\/wp-json\/wp\/v2\/pages"}],"about":[{"href":"https:\/\/www.cifial.pt\/zh-hans\/wp-json\/wp\/v2\/types\/page"}],"author":[{"embeddable":true,"href":"https:\/\/www.cifial.pt\/zh-hans\/wp-json\/wp\/v2\/users\/1"}],"replies":[{"embeddable":true,"href":"https:\/\/www.cifial.pt\/zh-hans\/wp-json\/wp\/v2\/comments?post=945"}],"version-history":[{"count":0,"href":"https:\/\/www.cifial.pt\/zh-hans\/wp-json\/wp\/v2\/pages\/945\/revisions"}],"wp:attachment":[{"href":"https:\/\/www.cifial.pt\/zh-hans\/wp-json\/wp\/v2\/media?parent=945"}],"curies":[{"name":"wp","href":"https:\/\/api.w.org\/{rel}","templated":true}]}}